{"id":27,"date":"2015-02-05T16:04:34","date_gmt":"2015-02-05T16:04:34","guid":{"rendered":"http:\/\/www.drkara.at\/wordpress\/?page_id=27"},"modified":"2023-03-01T17:50:11","modified_gmt":"2023-03-01T17:50:11","slug":"kontakt","status":"publish","type":"page","link":"https:\/\/www.drkara.at\/wordpress\/kontakt\/","title":{"rendered":"Kontakt"},"content":{"rendered":"<h3>Dr. Marion Kara<\/h3>\n<h4>Fach\u00e4rztin f\u00fcr Innere Medizin und Gastroenterologie<\/h4>\n<p>Schlossbergstrasse 10<\/p>\n<p>A- 2114 Gro\u00dfru\u00dfbach<\/p>\n<p><span style=\"text-decoration: underline;\">Ordinationszeiten: <\/span><\/p>\n<p>Montag-Donnerstag nach telefonischer Vereinbarung<\/p>\n<p><span style=\"font-weight: 600;\">Tel: 02263\/ 219 85<\/span><\/p>\n<p><strong>e-mail:ordination@drkara.at<\/strong><\/p>\n<p><span style=\"text-decoration: underline;\">Falls Sie Ihren Termin nicht einhalten k\u00f6nnen, bitten wir Sie um telefonische Terminabsage sp\u00e4testens am Vortag.<\/span><\/p>\n<p><em>Selbstvers\u00e4ndlich k\u00f6nnen Sie auch gerne mit dem\u00a0unten angef\u00fchrten Kontaktformular mit mir in Verbindung treten. F\u00fcllen Sie dazu bitte alle notwendigen Felder aus und klicken Sie abschlie\u00dfen auf den &#8222;Senden&#8220;-Button.<\/em><\/p>\n<h5><span style=\"color: #3aaa35;\">Weiterf\u00fchrende Links<\/span><\/h5>\n<ul>\n<li><a href=\"http:\/\/www.wgkk.at\/portal27\/wgkkgeportal\/content?contentid=10007.724455&amp;viewmode=content&amp;portal:componentId=gtn17d554fc-498c-4e1f-9c59-a478c2749288\" target=\"_blank\" rel=\"noopener noreferrer\">Hanusch Krankenhaus<\/a><\/li>\n<li><a href=\"http:\/\/www.facharztzentrum-ernstbrunn.at\/\" target=\"_blank\" rel=\"noopener noreferrer\">Facharztzentrum Ernstbrunn<\/a><\/li>\n<li><a href=\"http:\/\/www.facharztzentrum-hagenbrunn.at\/\" target=\"_blank\" rel=\"noopener noreferrer\">Facharztzentrum Hagenbrunn<\/a><\/li>\n<li><a href=\"http:\/\/www.drsarka-steiner.at\/\" target=\"_blank\" rel=\"noopener noreferrer\">Dr. Sarka Steiner<\/a><\/li>\n<li><a href=\"https:\/\/www.endoskopie-drscharf.at\/\" target=\"_blank\" rel=\"noopener noreferrer\">Dr. Martin Scharf<\/a><\/li>\n<\/ul>\n\n<div class=\"wpcf7 no-js\" id=\"wpcf7-f78-o1\" lang=\"de-DE\" dir=\"ltr\">\n<div class=\"screen-reader-response\"><p role=\"status\" aria-live=\"polite\" aria-atomic=\"true\"><\/p> <ul><\/ul><\/div>\n<form action=\"\/wordpress\/wp-json\/wp\/v2\/pages\/27#wpcf7-f78-o1\" method=\"post\" class=\"wpcf7-form init\" aria-label=\"Kontaktformular\" novalidate=\"novalidate\" data-status=\"init\">\n<div style=\"display: none;\">\n<input type=\"hidden\" name=\"_wpcf7\" value=\"78\" \/>\n<input type=\"hidden\" name=\"_wpcf7_version\" value=\"5.9.7\" \/>\n<input type=\"hidden\" name=\"_wpcf7_locale\" value=\"de_DE\" \/>\n<input type=\"hidden\" name=\"_wpcf7_unit_tag\" value=\"wpcf7-f78-o1\" \/>\n<input type=\"hidden\" name=\"_wpcf7_container_post\" value=\"0\" \/>\n<input type=\"hidden\" name=\"_wpcf7_posted_data_hash\" value=\"\" \/>\n<\/div>\n<p>Ihr Name (Pflichtfeld)\n<\/p>\n<p><span class=\"wpcf7-form-control-wrap\" data-name=\"your-name\"><input size=\"40\" maxlength=\"400\" class=\"wpcf7-form-control wpcf7-text wpcf7-validates-as-required\" aria-required=\"true\" aria-invalid=\"false\" value=\"\" type=\"text\" name=\"your-name\" \/><\/span>\n<\/p>\n<p>Ihre E-Mail-Adresse (Pflichtfeld)\n<\/p>\n<p><span class=\"wpcf7-form-control-wrap\" data-name=\"your-email\"><input size=\"40\" maxlength=\"400\" class=\"wpcf7-form-control wpcf7-email wpcf7-validates-as-required wpcf7-text wpcf7-validates-as-email\" aria-required=\"true\" aria-invalid=\"false\" value=\"\" type=\"email\" name=\"your-email\" \/><\/span>\n<\/p>\n<p>Betreff\n<\/p>\n<p><span class=\"wpcf7-form-control-wrap\" data-name=\"your-subject\"><input size=\"40\" maxlength=\"400\" class=\"wpcf7-form-control wpcf7-text\" aria-invalid=\"false\" value=\"\" type=\"text\" name=\"your-subject\" \/><\/span>\n<\/p>\n<p>Ihre Nachricht\n<\/p>\n<p><span class=\"wpcf7-form-control-wrap\" data-name=\"your-message\"><textarea cols=\"40\" rows=\"10\" maxlength=\"2000\" class=\"wpcf7-form-control wpcf7-textarea\" aria-invalid=\"false\" name=\"your-message\"><\/textarea><\/span>\n<\/p>\n<p><input class=\"wpcf7-form-control wpcf7-submit has-spinner\" type=\"submit\" value=\"Senden\" \/>\n<\/p><div class=\"wpcf7-response-output\" aria-hidden=\"true\"><\/div>\n<\/form>\n<\/div>\n\n<p>Wenn Sie die im Kontaktformular eingegebenen Daten durch Klick auf den Senden-Button \u00fcbersenden, erkl\u00e4ren Sie sich damit einverstanden, dass wir Ihre Angaben f\u00fcr die Beantwortung Ihrer Anfrage, zur Kontaktaufnahme bzw. dem Aufbau einer m\u00f6glichen Gesch\u00e4ftsbeziehung verwendet werden. Eine Weitergabe an Dritte findet grunds\u00e4tzlich nicht statt, es sei denn geltende Datenschutzvorschriften rechtfertigen eine \u00dcbertragung oder wir dazu gesetzlich verpflichtet sind.<\/p>\n<p>Sie k\u00f6nnen Ihre erteilte Einwilligung jederzeit mit Wirkung f\u00fcr die Zukunft unter ordination@drkara.at widerrufen. Im Falle des Widerrufs werden Ihre Daten umgehend gel\u00f6scht. Ihre Daten werden ansonsten gel\u00f6scht, wenn wir Ihre Anfrage bearbeitet haben, es zu keiner Gesch\u00e4ftsbeziehung kommt oder der Zweck der Speicherung entfallen ist. Sie k\u00f6nnen sich jederzeit \u00fcber die zu Ihrer Person gespeicherten Daten informieren. Weitere Informationen zum Datenschutz finden Sie auch in der\u00a0<a href=\"https:\/\/www.drkara.at\/wordpress\/datenschutzinformationen\/\">Datenschutzinformationen<\/a>\u00a0dieser Webseite.<\/p>\n","protected":false},"excerpt":{"rendered":"<p>Dr. Marion Kara Fach\u00e4rztin f\u00fcr Innere Medizin und Gastroenterologie Schlossbergstrasse 10 A- 2114 Gro\u00dfru\u00dfbach Ordinationszeiten: Montag-Donnerstag nach telefonischer Vereinbarung Tel: 02263\/ 219 85 e-mail:ordination@drkara.at Falls Sie Ihren Termin nicht einhalten k\u00f6nnen, bitten wir Sie um telefonische Terminabsage sp\u00e4testens am Vortag. &hellip; <a href=\"https:\/\/www.drkara.at\/wordpress\/kontakt\/\">Weiter<\/a><\/p>\n","protected":false},"author":1,"featured_media":467,"parent":0,"menu_order":6,"comment_status":"closed","ping_status":"closed","template":"page-fullwidth.php","meta":{"footnotes":""},"class_list":["post-27","page","type-page","status-publish","has-post-thumbnail","hentry"],"yoast_head":"<!-- This site is optimized with the Yoast SEO plugin v23.0 - https:\/\/yoast.com\/wordpress\/plugins\/seo\/ -->\n<title>Kontakt | Dr. Marion Kara | Internistin &amp; Gastroenterologin<\/title>\n<meta name=\"description\" content=\"Um Kontakt aufzunehmen, rufen Sie mich bitte an oder schicken Sie eine E-Mail an ordination@drkara.at. Ich werde mich so rasch wie m\u00f6glich bei Ihnen melden.\" \/>\n<meta name=\"robots\" content=\"index, follow, max-snippet:-1, max-image-preview:large, max-video-preview:-1\" \/>\n<link rel=\"canonical\" href=\"https:\/\/www.drkara.at\/wordpress\/kontakt\/\" \/>\n<meta property=\"og:locale\" content=\"de_DE\" \/>\n<meta property=\"og:type\" content=\"article\" \/>\n<meta property=\"og:title\" content=\"Kontakt | Dr. Marion Kara | Internistin &amp; Gastroenterologin\" \/>\n<meta property=\"og:description\" content=\"Um Kontakt aufzunehmen, rufen Sie mich bitte an oder schicken Sie eine E-Mail an ordination@drkara.at. Ich werde mich so rasch wie m\u00f6glich bei Ihnen melden.\" \/>\n<meta property=\"og:url\" content=\"https:\/\/www.drkara.at\/wordpress\/kontakt\/\" \/>\n<meta property=\"og:site_name\" content=\"Dr. Marion Kara, Fach\u00e4rztin f\u00fcr Innere Medizin &amp; Gastroenterologie\" \/>\n<meta property=\"article:modified_time\" content=\"2023-03-01T17:50:11+00:00\" \/>\n<meta property=\"og:image\" content=\"https:\/\/www.drkara.at\/wordpress\/wp-content\/uploads\/2015\/02\/daisies1-1-e1424098865838.jpg\" \/>\n\t<meta property=\"og:image:width\" content=\"500\" \/>\n\t<meta property=\"og:image:height\" content=\"335\" \/>\n\t<meta property=\"og:image:type\" content=\"image\/jpeg\" \/>\n<meta name=\"twitter:label1\" content=\"Gesch\u00e4tzte Lesezeit\" \/>\n\t<meta name=\"twitter:data1\" content=\"1\u00a0Minute\" \/>\n<script type=\"application\/ld+json\" class=\"yoast-schema-graph\">{\"@context\":\"https:\/\/schema.org\",\"@graph\":[{\"@type\":\"WebPage\",\"@id\":\"https:\/\/www.drkara.at\/wordpress\/kontakt\/\",\"url\":\"https:\/\/www.drkara.at\/wordpress\/kontakt\/\",\"name\":\"Kontakt | Dr. Marion Kara | Internistin & Gastroenterologin\",\"isPartOf\":{\"@id\":\"https:\/\/www.drkara.at\/wordpress\/#website\"},\"primaryImageOfPage\":{\"@id\":\"https:\/\/www.drkara.at\/wordpress\/kontakt\/#primaryimage\"},\"image\":{\"@id\":\"https:\/\/www.drkara.at\/wordpress\/kontakt\/#primaryimage\"},\"thumbnailUrl\":\"https:\/\/www.drkara.at\/wordpress\/wp-content\/uploads\/2015\/02\/daisies1-1-e1424098865838.jpg\",\"datePublished\":\"2015-02-05T16:04:34+00:00\",\"dateModified\":\"2023-03-01T17:50:11+00:00\",\"description\":\"Um Kontakt aufzunehmen, rufen Sie mich bitte an oder schicken Sie eine E-Mail an ordination@drkara.at. Ich werde mich so rasch wie m\u00f6glich bei Ihnen melden.\",\"breadcrumb\":{\"@id\":\"https:\/\/www.drkara.at\/wordpress\/kontakt\/#breadcrumb\"},\"inLanguage\":\"de\",\"potentialAction\":[{\"@type\":\"ReadAction\",\"target\":[\"https:\/\/www.drkara.at\/wordpress\/kontakt\/\"]}]},{\"@type\":\"ImageObject\",\"inLanguage\":\"de\",\"@id\":\"https:\/\/www.drkara.at\/wordpress\/kontakt\/#primaryimage\",\"url\":\"https:\/\/www.drkara.at\/wordpress\/wp-content\/uploads\/2015\/02\/daisies1-1-e1424098865838.jpg\",\"contentUrl\":\"https:\/\/www.drkara.at\/wordpress\/wp-content\/uploads\/2015\/02\/daisies1-1-e1424098865838.jpg\",\"width\":500,\"height\":335,\"caption\":\"Kontakt\"},{\"@type\":\"BreadcrumbList\",\"@id\":\"https:\/\/www.drkara.at\/wordpress\/kontakt\/#breadcrumb\",\"itemListElement\":[{\"@type\":\"ListItem\",\"position\":1,\"name\":\"Home\",\"item\":\"https:\/\/www.drkara.at\/wordpress\/\"},{\"@type\":\"ListItem\",\"position\":2,\"name\":\"Kontakt\"}]},{\"@type\":\"WebSite\",\"@id\":\"https:\/\/www.drkara.at\/wordpress\/#website\",\"url\":\"https:\/\/www.drkara.at\/wordpress\/\",\"name\":\"Dr. Marion Kara, Fach\u00e4rztin f\u00fcr Innere Medizin &amp; Gastroenterologie\",\"description\":\"Willkommen in meiner Ordination, ich betreue Sie in Fragen zur Inneren Medizin und Gastroenterologie\",\"potentialAction\":[{\"@type\":\"SearchAction\",\"target\":{\"@type\":\"EntryPoint\",\"urlTemplate\":\"https:\/\/www.drkara.at\/wordpress\/?s={search_term_string}\"},\"query-input\":\"required name=search_term_string\"}],\"inLanguage\":\"de\"}]}<\/script>\n<!-- \/ Yoast SEO plugin. -->","yoast_head_json":{"title":"Kontakt | Dr. Marion Kara | Internistin & Gastroenterologin","description":"Um Kontakt aufzunehmen, rufen Sie mich bitte an oder schicken Sie eine E-Mail an ordination@drkara.at. Ich werde mich so rasch wie m\u00f6glich bei Ihnen melden.","robots":{"index":"index","follow":"follow","max-snippet":"max-snippet:-1","max-image-preview":"max-image-preview:large","max-video-preview":"max-video-preview:-1"},"canonical":"https:\/\/www.drkara.at\/wordpress\/kontakt\/","og_locale":"de_DE","og_type":"article","og_title":"Kontakt | Dr. Marion Kara | Internistin & Gastroenterologin","og_description":"Um Kontakt aufzunehmen, rufen Sie mich bitte an oder schicken Sie eine E-Mail an ordination@drkara.at. Ich werde mich so rasch wie m\u00f6glich bei Ihnen melden.","og_url":"https:\/\/www.drkara.at\/wordpress\/kontakt\/","og_site_name":"Dr. Marion Kara, Fach\u00e4rztin f\u00fcr Innere Medizin &amp; Gastroenterologie","article_modified_time":"2023-03-01T17:50:11+00:00","og_image":[{"width":500,"height":335,"url":"https:\/\/www.drkara.at\/wordpress\/wp-content\/uploads\/2015\/02\/daisies1-1-e1424098865838.jpg","type":"image\/jpeg"}],"twitter_misc":{"Gesch\u00e4tzte Lesezeit":"1\u00a0Minute"},"schema":{"@context":"https:\/\/schema.org","@graph":[{"@type":"WebPage","@id":"https:\/\/www.drkara.at\/wordpress\/kontakt\/","url":"https:\/\/www.drkara.at\/wordpress\/kontakt\/","name":"Kontakt | Dr. Marion Kara | Internistin & Gastroenterologin","isPartOf":{"@id":"https:\/\/www.drkara.at\/wordpress\/#website"},"primaryImageOfPage":{"@id":"https:\/\/www.drkara.at\/wordpress\/kontakt\/#primaryimage"},"image":{"@id":"https:\/\/www.drkara.at\/wordpress\/kontakt\/#primaryimage"},"thumbnailUrl":"https:\/\/www.drkara.at\/wordpress\/wp-content\/uploads\/2015\/02\/daisies1-1-e1424098865838.jpg","datePublished":"2015-02-05T16:04:34+00:00","dateModified":"2023-03-01T17:50:11+00:00","description":"Um Kontakt aufzunehmen, rufen Sie mich bitte an oder schicken Sie eine E-Mail an ordination@drkara.at. Ich werde mich so rasch wie m\u00f6glich bei Ihnen melden.","breadcrumb":{"@id":"https:\/\/www.drkara.at\/wordpress\/kontakt\/#breadcrumb"},"inLanguage":"de","potentialAction":[{"@type":"ReadAction","target":["https:\/\/www.drkara.at\/wordpress\/kontakt\/"]}]},{"@type":"ImageObject","inLanguage":"de","@id":"https:\/\/www.drkara.at\/wordpress\/kontakt\/#primaryimage","url":"https:\/\/www.drkara.at\/wordpress\/wp-content\/uploads\/2015\/02\/daisies1-1-e1424098865838.jpg","contentUrl":"https:\/\/www.drkara.at\/wordpress\/wp-content\/uploads\/2015\/02\/daisies1-1-e1424098865838.jpg","width":500,"height":335,"caption":"Kontakt"},{"@type":"BreadcrumbList","@id":"https:\/\/www.drkara.at\/wordpress\/kontakt\/#breadcrumb","itemListElement":[{"@type":"ListItem","position":1,"name":"Home","item":"https:\/\/www.drkara.at\/wordpress\/"},{"@type":"ListItem","position":2,"name":"Kontakt"}]},{"@type":"WebSite","@id":"https:\/\/www.drkara.at\/wordpress\/#website","url":"https:\/\/www.drkara.at\/wordpress\/","name":"Dr. Marion Kara, Fach\u00e4rztin f\u00fcr Innere Medizin &amp; Gastroenterologie","description":"Willkommen in meiner Ordination, ich betreue Sie in Fragen zur Inneren Medizin und Gastroenterologie","potentialAction":[{"@type":"SearchAction","target":{"@type":"EntryPoint","urlTemplate":"https:\/\/www.drkara.at\/wordpress\/?s={search_term_string}"},"query-input":"required name=search_term_string"}],"inLanguage":"de"}]}},"_links":{"self":[{"href":"https:\/\/www.drkara.at\/wordpress\/wp-json\/wp\/v2\/pages\/27"}],"collection":[{"href":"https:\/\/www.drkara.at\/wordpress\/wp-json\/wp\/v2\/pages"}],"about":[{"href":"https:\/\/www.drkara.at\/wordpress\/wp-json\/wp\/v2\/types\/page"}],"author":[{"embeddable":true,"href":"https:\/\/www.drkara.at\/wordpress\/wp-json\/wp\/v2\/users\/1"}],"replies":[{"embeddable":true,"href":"https:\/\/www.drkara.at\/wordpress\/wp-json\/wp\/v2\/comments?post=27"}],"version-history":[{"count":88,"href":"https:\/\/www.drkara.at\/wordpress\/wp-json\/wp\/v2\/pages\/27\/revisions"}],"predecessor-version":[{"id":870,"href":"https:\/\/www.drkara.at\/wordpress\/wp-json\/wp\/v2\/pages\/27\/revisions\/870"}],"wp:featuredmedia":[{"embeddable":true,"href":"https:\/\/www.drkara.at\/wordpress\/wp-json\/wp\/v2\/media\/467"}],"wp:attachment":[{"href":"https:\/\/www.drkara.at\/wordpress\/wp-json\/wp\/v2\/media?parent=27"}],"curies":[{"name":"wp","href":"https:\/\/api.w.org\/{rel}","templated":true}]}}