{"id":293,"date":"2015-02-11T17:43:14","date_gmt":"2015-02-11T17:43:14","guid":{"rendered":"http:\/\/www.drkara.at\/wordpress\/?page_id=293"},"modified":"2015-02-18T09:18:35","modified_gmt":"2015-02-18T09:18:35","slug":"blutdrucktherapie","status":"publish","type":"page","link":"https:\/\/www.drkara.at\/wordpress\/innere-medizin-dr-kara\/blutdrucktherapie\/","title":{"rendered":"Blutdrucktherapie"},"content":{"rendered":"<p><a title=\"Vorsorgeuntersuchung\" href=\"http:\/\/www.drkara.at\/wordpress\/?page_id=289\">Vorsorgeuntersuchung <\/a>| <a title=\"OP-Freigaben\" href=\"http:\/\/www.drkara.at\/wordpress\/?page_id=291\">OP-Freigaben <\/a>| <a title=\"Osteoporose\" href=\"http:\/\/www.drkara.at\/wordpress\/?page_id=295\">Osteoporose<\/a><\/p>\n<hr \/>\n<p>Einer Blutdrucktherapie geht im Normalfall ein erh\u00f6hter Blutdruck (arterielle Hypertonie) voraus. Dieser ist mittlerweile leider\u00a0schon eine\u00a0Volkskrankheit welche als Risiko f\u00fcr Herzinfarkt, Schlaganfall, chronische Herzschw\u00e4che und pl\u00f6tzlichen Herztod einzustufen ist.<\/p>\n<p>Unbehandelt kommet es \u00fcber Jahre zu Ver\u00e4nderungen an den Blutgef\u00e4\u00dfen (Atherosklerose). Neben allgemeinen Ma\u00dfnahmen, sogenannter \u201eLifestyle &#8211; Modifikation&#8220;, k\u00f6nnen mit medikament\u00f6ser Therapie zufriedenstellende Blutdruckwerte\u00a0erzielt werden.<\/p>\n","protected":false},"excerpt":{"rendered":"<p>Vorsorgeuntersuchung | OP-Freigaben | Osteoporose Einer Blutdrucktherapie geht im Normalfall ein erh\u00f6hter Blutdruck (arterielle Hypertonie) voraus. Dieser ist mittlerweile leider\u00a0schon eine\u00a0Volkskrankheit welche als Risiko f\u00fcr Herzinfarkt, Schlaganfall, chronische Herzschw\u00e4che und pl\u00f6tzlichen Herztod einzustufen ist. Unbehandelt kommet es \u00fcber Jahre zu &hellip; <a href=\"https:\/\/www.drkara.at\/wordpress\/innere-medizin-dr-kara\/blutdrucktherapie\/\">Weiter<\/a><\/p>\n","protected":false},"author":1,"featured_media":0,"parent":25,"menu_order":0,"comment_status":"closed","ping_status":"closed","template":"","meta":{"footnotes":""},"class_list":["post-293","page","type-page","status-publish","hentry"],"yoast_head":"<!-- This site is optimized with the Yoast SEO plugin v23.0 - https:\/\/yoast.com\/wordpress\/plugins\/seo\/ -->\n<title>Blutdrucktherapie| Dr. Marion Kara | Internistin<\/title>\n<meta name=\"description\" content=\"Anhand entsprechender medikament\u00f6ser Blutdrucktherapie k\u00f6nnen zufriedenstellende Blutdruckwerte erzielt werden.\" \/>\n<meta name=\"robots\" content=\"index, follow, max-snippet:-1, max-image-preview:large, max-video-preview:-1\" \/>\n<link rel=\"canonical\" href=\"https:\/\/www.drkara.at\/wordpress\/innere-medizin-dr-kara\/blutdrucktherapie\/\" \/>\n<meta property=\"og:locale\" content=\"de_DE\" \/>\n<meta property=\"og:type\" content=\"article\" \/>\n<meta property=\"og:title\" content=\"Blutdrucktherapie| Dr. Marion Kara | Internistin\" \/>\n<meta property=\"og:description\" content=\"Anhand entsprechender medikament\u00f6ser Blutdrucktherapie k\u00f6nnen zufriedenstellende Blutdruckwerte erzielt werden.\" \/>\n<meta property=\"og:url\" content=\"https:\/\/www.drkara.at\/wordpress\/innere-medizin-dr-kara\/blutdrucktherapie\/\" \/>\n<meta property=\"og:site_name\" content=\"Dr. Marion Kara, Fach\u00e4rztin f\u00fcr Innere Medizin &amp; Gastroenterologie\" \/>\n<meta property=\"article:modified_time\" content=\"2015-02-18T09:18:35+00:00\" \/>\n<script type=\"application\/ld+json\" class=\"yoast-schema-graph\">{\"@context\":\"https:\/\/schema.org\",\"@graph\":[{\"@type\":\"WebPage\",\"@id\":\"https:\/\/www.drkara.at\/wordpress\/innere-medizin-dr-kara\/blutdrucktherapie\/\",\"url\":\"https:\/\/www.drkara.at\/wordpress\/innere-medizin-dr-kara\/blutdrucktherapie\/\",\"name\":\"Blutdrucktherapie| Dr. Marion Kara | Internistin\",\"isPartOf\":{\"@id\":\"https:\/\/www.drkara.at\/wordpress\/#website\"},\"datePublished\":\"2015-02-11T17:43:14+00:00\",\"dateModified\":\"2015-02-18T09:18:35+00:00\",\"description\":\"Anhand entsprechender medikament\u00f6ser Blutdrucktherapie k\u00f6nnen zufriedenstellende Blutdruckwerte erzielt werden.\",\"breadcrumb\":{\"@id\":\"https:\/\/www.drkara.at\/wordpress\/innere-medizin-dr-kara\/blutdrucktherapie\/#breadcrumb\"},\"inLanguage\":\"de\",\"potentialAction\":[{\"@type\":\"ReadAction\",\"target\":[\"https:\/\/www.drkara.at\/wordpress\/innere-medizin-dr-kara\/blutdrucktherapie\/\"]}]},{\"@type\":\"BreadcrumbList\",\"@id\":\"https:\/\/www.drkara.at\/wordpress\/innere-medizin-dr-kara\/blutdrucktherapie\/#breadcrumb\",\"itemListElement\":[{\"@type\":\"ListItem\",\"position\":1,\"name\":\"Home\",\"item\":\"https:\/\/www.drkara.at\/wordpress\/\"},{\"@type\":\"ListItem\",\"position\":2,\"name\":\"Innere Medizin\",\"item\":\"https:\/\/www.drkara.at\/wordpress\/innere-medizin-dr-kara\/\"},{\"@type\":\"ListItem\",\"position\":3,\"name\":\"Blutdrucktherapie\"}]},{\"@type\":\"WebSite\",\"@id\":\"https:\/\/www.drkara.at\/wordpress\/#website\",\"url\":\"https:\/\/www.drkara.at\/wordpress\/\",\"name\":\"Dr. Marion Kara, Fach\u00e4rztin f\u00fcr Innere Medizin &amp; Gastroenterologie\",\"description\":\"Willkommen in meiner Ordination, ich betreue Sie in Fragen zur Inneren Medizin und Gastroenterologie\",\"potentialAction\":[{\"@type\":\"SearchAction\",\"target\":{\"@type\":\"EntryPoint\",\"urlTemplate\":\"https:\/\/www.drkara.at\/wordpress\/?s={search_term_string}\"},\"query-input\":\"required name=search_term_string\"}],\"inLanguage\":\"de\"}]}<\/script>\n<!-- \/ Yoast SEO plugin. -->","yoast_head_json":{"title":"Blutdrucktherapie| Dr. Marion Kara | Internistin","description":"Anhand entsprechender medikament\u00f6ser Blutdrucktherapie k\u00f6nnen zufriedenstellende Blutdruckwerte erzielt werden.","robots":{"index":"index","follow":"follow","max-snippet":"max-snippet:-1","max-image-preview":"max-image-preview:large","max-video-preview":"max-video-preview:-1"},"canonical":"https:\/\/www.drkara.at\/wordpress\/innere-medizin-dr-kara\/blutdrucktherapie\/","og_locale":"de_DE","og_type":"article","og_title":"Blutdrucktherapie| Dr. Marion Kara | Internistin","og_description":"Anhand entsprechender medikament\u00f6ser Blutdrucktherapie k\u00f6nnen zufriedenstellende Blutdruckwerte erzielt werden.","og_url":"https:\/\/www.drkara.at\/wordpress\/innere-medizin-dr-kara\/blutdrucktherapie\/","og_site_name":"Dr. Marion Kara, Fach\u00e4rztin f\u00fcr Innere Medizin &amp; Gastroenterologie","article_modified_time":"2015-02-18T09:18:35+00:00","schema":{"@context":"https:\/\/schema.org","@graph":[{"@type":"WebPage","@id":"https:\/\/www.drkara.at\/wordpress\/innere-medizin-dr-kara\/blutdrucktherapie\/","url":"https:\/\/www.drkara.at\/wordpress\/innere-medizin-dr-kara\/blutdrucktherapie\/","name":"Blutdrucktherapie| Dr. Marion Kara | Internistin","isPartOf":{"@id":"https:\/\/www.drkara.at\/wordpress\/#website"},"datePublished":"2015-02-11T17:43:14+00:00","dateModified":"2015-02-18T09:18:35+00:00","description":"Anhand entsprechender medikament\u00f6ser Blutdrucktherapie k\u00f6nnen zufriedenstellende Blutdruckwerte erzielt werden.","breadcrumb":{"@id":"https:\/\/www.drkara.at\/wordpress\/innere-medizin-dr-kara\/blutdrucktherapie\/#breadcrumb"},"inLanguage":"de","potentialAction":[{"@type":"ReadAction","target":["https:\/\/www.drkara.at\/wordpress\/innere-medizin-dr-kara\/blutdrucktherapie\/"]}]},{"@type":"BreadcrumbList","@id":"https:\/\/www.drkara.at\/wordpress\/innere-medizin-dr-kara\/blutdrucktherapie\/#breadcrumb","itemListElement":[{"@type":"ListItem","position":1,"name":"Home","item":"https:\/\/www.drkara.at\/wordpress\/"},{"@type":"ListItem","position":2,"name":"Innere Medizin","item":"https:\/\/www.drkara.at\/wordpress\/innere-medizin-dr-kara\/"},{"@type":"ListItem","position":3,"name":"Blutdrucktherapie"}]},{"@type":"WebSite","@id":"https:\/\/www.drkara.at\/wordpress\/#website","url":"https:\/\/www.drkara.at\/wordpress\/","name":"Dr. Marion Kara, Fach\u00e4rztin f\u00fcr Innere Medizin &amp; Gastroenterologie","description":"Willkommen in meiner Ordination, ich betreue Sie in Fragen zur Inneren Medizin und Gastroenterologie","potentialAction":[{"@type":"SearchAction","target":{"@type":"EntryPoint","urlTemplate":"https:\/\/www.drkara.at\/wordpress\/?s={search_term_string}"},"query-input":"required name=search_term_string"}],"inLanguage":"de"}]}},"_links":{"self":[{"href":"https:\/\/www.drkara.at\/wordpress\/wp-json\/wp\/v2\/pages\/293"}],"collection":[{"href":"https:\/\/www.drkara.at\/wordpress\/wp-json\/wp\/v2\/pages"}],"about":[{"href":"https:\/\/www.drkara.at\/wordpress\/wp-json\/wp\/v2\/types\/page"}],"author":[{"embeddable":true,"href":"https:\/\/www.drkara.at\/wordpress\/wp-json\/wp\/v2\/users\/1"}],"replies":[{"embeddable":true,"href":"https:\/\/www.drkara.at\/wordpress\/wp-json\/wp\/v2\/comments?post=293"}],"version-history":[{"count":5,"href":"https:\/\/www.drkara.at\/wordpress\/wp-json\/wp\/v2\/pages\/293\/revisions"}],"predecessor-version":[{"id":436,"href":"https:\/\/www.drkara.at\/wordpress\/wp-json\/wp\/v2\/pages\/293\/revisions\/436"}],"up":[{"embeddable":true,"href":"https:\/\/www.drkara.at\/wordpress\/wp-json\/wp\/v2\/pages\/25"}],"wp:attachment":[{"href":"https:\/\/www.drkara.at\/wordpress\/wp-json\/wp\/v2\/media?parent=293"}],"curies":[{"name":"wp","href":"https:\/\/api.w.org\/{rel}","templated":true}]}}