{"id":295,"date":"2015-02-11T17:43:35","date_gmt":"2015-02-11T17:43:35","guid":{"rendered":"http:\/\/www.drkara.at\/wordpress\/?page_id=295"},"modified":"2015-02-16T14:07:31","modified_gmt":"2015-02-16T14:07:31","slug":"osteoporose","status":"publish","type":"page","link":"https:\/\/www.drkara.at\/wordpress\/innere-medizin-dr-kara\/osteoporose\/","title":{"rendered":"Osteoporose"},"content":{"rendered":"<p><a title=\"Vorsorgeuntersuchung\" href=\"http:\/\/www.drkara.at\/wordpress\/?page_id=289\">Vorsorgeuntersuchung <\/a>| <a title=\"OP-Freigaben\" href=\"http:\/\/www.drkara.at\/wordpress\/?page_id=291\">OP-Freigaben <\/a>| <a title=\"Blutdrucktherapie\" href=\"http:\/\/www.drkara.at\/wordpress\/?page_id=293\">Blutdrucktherapie <\/a><\/p>\n<hr \/>\n<p>Die Osteoporose ist eine h\u00e4ufige Alterserkrankung des Knochens, die ihn f\u00fcr Br\u00fcche (Frakturen) anf\u00e4lliger macht. Die auch als Knochenschwund bezeichnete Krankheit ist gekennzeichnet durch eine Abnahme der Knochendichte durch den \u00fcberm\u00e4\u00dfig raschen Abbau der Knochensubstanz und -struktur. Die erh\u00f6hte Frakturanf\u00e4lligkeit kann das ganze Skelett betreffen.<\/p>\n<p>Die Osteoporose ist die h\u00e4ufigste Knochenerkrankung im h\u00f6heren Lebensalter. Am h\u00e4ufigsten (95 Prozent) ist die prim\u00e4re Osteoporose, das hei\u00dft diejenige Osteoporose, die im Gegensatz zur sekund\u00e4ren Osteoporose nicht als Folge einer anderen Erkrankung auftritt. 80 Prozent aller Osteoporosen betreffen postmenopausale Frauen. 30 % aller Frauen entwickeln nach der Menopause eine klinisch relevante Osteoporose. Sekund\u00e4re Osteoporosen sind seltener (5 %), wobei Erkrankungen, die eine Behandlung mit Glukokortikoiden w\u00e4hrend einer l\u00e4ngeren Zeitspanne erfordern und\/oder zu einer Immobilisation f\u00fchren, im Vordergrund stehen.<\/p>\n<p>H\u00e4ufige Folgen der Osteoporose sind Knochenbr\u00fcche. Nach H\u00e4ufigkeit sortiert sind dies:<\/p>\n<ul>\n<li>Wirbelk\u00f6rper-Einbr\u00fcche (Sinterungen, Kompressionsfrakturen)<\/li>\n<li>H\u00fcftgelenksnahe Oberschenkelknochenbr\u00fcche (u. a. Schenkelhalsfraktur)<\/li>\n<li>Handgelenksnahe Speichenbr\u00fcche (distale Radiusfraktur)<\/li>\n<li>Oberarmkopfbruch (subcapitale Humerusfraktur)<\/li>\n<li>Beckenbruch<\/li>\n<\/ul>\n<p>Au\u00dferdem besteht eine vermehrte Anf\u00e4lligkeit f\u00fcr Frakturen an anderen Stellen des Skeletts.<\/p>\n<p>Durch eine ausf\u00fchrliche Anamnese, klinische Untersuchung, Blutabnahme, R\u00f6ntgen und Knochendichtemessung, kann die passende Therapie f\u00fcr Sie gefunden werden, um die Sp\u00e4tfolgen wie Schmerzen, Bettl\u00e4grigkeit oder Immobilit\u00e4t zu vermeiden.<\/p>\n","protected":false},"excerpt":{"rendered":"<p>Vorsorgeuntersuchung | OP-Freigaben | Blutdrucktherapie Die Osteoporose ist eine h\u00e4ufige Alterserkrankung des Knochens, die ihn f\u00fcr Br\u00fcche (Frakturen) anf\u00e4lliger macht. Die auch als Knochenschwund bezeichnete Krankheit ist gekennzeichnet durch eine Abnahme der Knochendichte durch den \u00fcberm\u00e4\u00dfig raschen Abbau der Knochensubstanz &hellip; <a href=\"https:\/\/www.drkara.at\/wordpress\/innere-medizin-dr-kara\/osteoporose\/\">Weiter<\/a><\/p>\n","protected":false},"author":1,"featured_media":0,"parent":25,"menu_order":0,"comment_status":"closed","ping_status":"closed","template":"","meta":{"footnotes":""},"class_list":["post-295","page","type-page","status-publish","hentry"],"yoast_head":"<!-- This site is optimized with the Yoast SEO plugin v23.0 - https:\/\/yoast.com\/wordpress\/plugins\/seo\/ -->\n<title>Osteoporose | Dr. Marion Kara | Internistin &amp; Gastroenterologin<\/title>\n<meta name=\"description\" content=\"Osteoporose ist eine Alterserkrankung des Knochens, die ihn f\u00fcr Br\u00fcche anf\u00e4lliger macht. Mit der passenden Therapie kann man die Sp\u00e4tfolgen jedoch vermeiden\" \/>\n<meta name=\"robots\" content=\"index, follow, max-snippet:-1, max-image-preview:large, max-video-preview:-1\" \/>\n<link rel=\"canonical\" href=\"https:\/\/www.drkara.at\/wordpress\/innere-medizin-dr-kara\/osteoporose\/\" \/>\n<meta property=\"og:locale\" content=\"de_DE\" \/>\n<meta property=\"og:type\" content=\"article\" \/>\n<meta property=\"og:title\" content=\"Osteoporose | Dr. Marion Kara | Internistin &amp; Gastroenterologin\" \/>\n<meta property=\"og:description\" content=\"Osteoporose ist eine Alterserkrankung des Knochens, die ihn f\u00fcr Br\u00fcche anf\u00e4lliger macht. Mit der passenden Therapie kann man die Sp\u00e4tfolgen jedoch vermeiden\" \/>\n<meta property=\"og:url\" content=\"https:\/\/www.drkara.at\/wordpress\/innere-medizin-dr-kara\/osteoporose\/\" \/>\n<meta property=\"og:site_name\" content=\"Dr. Marion Kara, Fach\u00e4rztin f\u00fcr Innere Medizin &amp; Gastroenterologie\" \/>\n<meta property=\"article:modified_time\" content=\"2015-02-16T14:07:31+00:00\" \/>\n<meta name=\"twitter:label1\" content=\"Gesch\u00e4tzte Lesezeit\" \/>\n\t<meta name=\"twitter:data1\" content=\"1\u00a0Minute\" \/>\n<script type=\"application\/ld+json\" class=\"yoast-schema-graph\">{\"@context\":\"https:\/\/schema.org\",\"@graph\":[{\"@type\":\"WebPage\",\"@id\":\"https:\/\/www.drkara.at\/wordpress\/innere-medizin-dr-kara\/osteoporose\/\",\"url\":\"https:\/\/www.drkara.at\/wordpress\/innere-medizin-dr-kara\/osteoporose\/\",\"name\":\"Osteoporose | Dr. Marion Kara | Internistin & Gastroenterologin\",\"isPartOf\":{\"@id\":\"https:\/\/www.drkara.at\/wordpress\/#website\"},\"datePublished\":\"2015-02-11T17:43:35+00:00\",\"dateModified\":\"2015-02-16T14:07:31+00:00\",\"description\":\"Osteoporose ist eine Alterserkrankung des Knochens, die ihn f\u00fcr Br\u00fcche anf\u00e4lliger macht. Mit der passenden Therapie kann man die Sp\u00e4tfolgen jedoch vermeiden\",\"breadcrumb\":{\"@id\":\"https:\/\/www.drkara.at\/wordpress\/innere-medizin-dr-kara\/osteoporose\/#breadcrumb\"},\"inLanguage\":\"de\",\"potentialAction\":[{\"@type\":\"ReadAction\",\"target\":[\"https:\/\/www.drkara.at\/wordpress\/innere-medizin-dr-kara\/osteoporose\/\"]}]},{\"@type\":\"BreadcrumbList\",\"@id\":\"https:\/\/www.drkara.at\/wordpress\/innere-medizin-dr-kara\/osteoporose\/#breadcrumb\",\"itemListElement\":[{\"@type\":\"ListItem\",\"position\":1,\"name\":\"Home\",\"item\":\"https:\/\/www.drkara.at\/wordpress\/\"},{\"@type\":\"ListItem\",\"position\":2,\"name\":\"Innere Medizin\",\"item\":\"https:\/\/www.drkara.at\/wordpress\/innere-medizin-dr-kara\/\"},{\"@type\":\"ListItem\",\"position\":3,\"name\":\"Osteoporose\"}]},{\"@type\":\"WebSite\",\"@id\":\"https:\/\/www.drkara.at\/wordpress\/#website\",\"url\":\"https:\/\/www.drkara.at\/wordpress\/\",\"name\":\"Dr. Marion Kara, Fach\u00e4rztin f\u00fcr Innere Medizin &amp; Gastroenterologie\",\"description\":\"Willkommen in meiner Ordination, ich betreue Sie in Fragen zur Inneren Medizin und Gastroenterologie\",\"potentialAction\":[{\"@type\":\"SearchAction\",\"target\":{\"@type\":\"EntryPoint\",\"urlTemplate\":\"https:\/\/www.drkara.at\/wordpress\/?s={search_term_string}\"},\"query-input\":\"required name=search_term_string\"}],\"inLanguage\":\"de\"}]}<\/script>\n<!-- \/ Yoast SEO plugin. -->","yoast_head_json":{"title":"Osteoporose | Dr. Marion Kara | Internistin & Gastroenterologin","description":"Osteoporose ist eine Alterserkrankung des Knochens, die ihn f\u00fcr Br\u00fcche anf\u00e4lliger macht. Mit der passenden Therapie kann man die Sp\u00e4tfolgen jedoch vermeiden","robots":{"index":"index","follow":"follow","max-snippet":"max-snippet:-1","max-image-preview":"max-image-preview:large","max-video-preview":"max-video-preview:-1"},"canonical":"https:\/\/www.drkara.at\/wordpress\/innere-medizin-dr-kara\/osteoporose\/","og_locale":"de_DE","og_type":"article","og_title":"Osteoporose | Dr. Marion Kara | Internistin & Gastroenterologin","og_description":"Osteoporose ist eine Alterserkrankung des Knochens, die ihn f\u00fcr Br\u00fcche anf\u00e4lliger macht. Mit der passenden Therapie kann man die Sp\u00e4tfolgen jedoch vermeiden","og_url":"https:\/\/www.drkara.at\/wordpress\/innere-medizin-dr-kara\/osteoporose\/","og_site_name":"Dr. Marion Kara, Fach\u00e4rztin f\u00fcr Innere Medizin &amp; Gastroenterologie","article_modified_time":"2015-02-16T14:07:31+00:00","twitter_misc":{"Gesch\u00e4tzte Lesezeit":"1\u00a0Minute"},"schema":{"@context":"https:\/\/schema.org","@graph":[{"@type":"WebPage","@id":"https:\/\/www.drkara.at\/wordpress\/innere-medizin-dr-kara\/osteoporose\/","url":"https:\/\/www.drkara.at\/wordpress\/innere-medizin-dr-kara\/osteoporose\/","name":"Osteoporose | Dr. Marion Kara | Internistin & Gastroenterologin","isPartOf":{"@id":"https:\/\/www.drkara.at\/wordpress\/#website"},"datePublished":"2015-02-11T17:43:35+00:00","dateModified":"2015-02-16T14:07:31+00:00","description":"Osteoporose ist eine Alterserkrankung des Knochens, die ihn f\u00fcr Br\u00fcche anf\u00e4lliger macht. Mit der passenden Therapie kann man die Sp\u00e4tfolgen jedoch vermeiden","breadcrumb":{"@id":"https:\/\/www.drkara.at\/wordpress\/innere-medizin-dr-kara\/osteoporose\/#breadcrumb"},"inLanguage":"de","potentialAction":[{"@type":"ReadAction","target":["https:\/\/www.drkara.at\/wordpress\/innere-medizin-dr-kara\/osteoporose\/"]}]},{"@type":"BreadcrumbList","@id":"https:\/\/www.drkara.at\/wordpress\/innere-medizin-dr-kara\/osteoporose\/#breadcrumb","itemListElement":[{"@type":"ListItem","position":1,"name":"Home","item":"https:\/\/www.drkara.at\/wordpress\/"},{"@type":"ListItem","position":2,"name":"Innere Medizin","item":"https:\/\/www.drkara.at\/wordpress\/innere-medizin-dr-kara\/"},{"@type":"ListItem","position":3,"name":"Osteoporose"}]},{"@type":"WebSite","@id":"https:\/\/www.drkara.at\/wordpress\/#website","url":"https:\/\/www.drkara.at\/wordpress\/","name":"Dr. Marion Kara, Fach\u00e4rztin f\u00fcr Innere Medizin &amp; Gastroenterologie","description":"Willkommen in meiner Ordination, ich betreue Sie in Fragen zur Inneren Medizin und Gastroenterologie","potentialAction":[{"@type":"SearchAction","target":{"@type":"EntryPoint","urlTemplate":"https:\/\/www.drkara.at\/wordpress\/?s={search_term_string}"},"query-input":"required name=search_term_string"}],"inLanguage":"de"}]}},"_links":{"self":[{"href":"https:\/\/www.drkara.at\/wordpress\/wp-json\/wp\/v2\/pages\/295"}],"collection":[{"href":"https:\/\/www.drkara.at\/wordpress\/wp-json\/wp\/v2\/pages"}],"about":[{"href":"https:\/\/www.drkara.at\/wordpress\/wp-json\/wp\/v2\/types\/page"}],"author":[{"embeddable":true,"href":"https:\/\/www.drkara.at\/wordpress\/wp-json\/wp\/v2\/users\/1"}],"replies":[{"embeddable":true,"href":"https:\/\/www.drkara.at\/wordpress\/wp-json\/wp\/v2\/comments?post=295"}],"version-history":[{"count":5,"href":"https:\/\/www.drkara.at\/wordpress\/wp-json\/wp\/v2\/pages\/295\/revisions"}],"predecessor-version":[{"id":440,"href":"https:\/\/www.drkara.at\/wordpress\/wp-json\/wp\/v2\/pages\/295\/revisions\/440"}],"up":[{"embeddable":true,"href":"https:\/\/www.drkara.at\/wordpress\/wp-json\/wp\/v2\/pages\/25"}],"wp:attachment":[{"href":"https:\/\/www.drkara.at\/wordpress\/wp-json\/wp\/v2\/media?parent=295"}],"curies":[{"name":"wp","href":"https:\/\/api.w.org\/{rel}","templated":true}]}}