{"id":31,"date":"2015-02-05T16:05:34","date_gmt":"2015-02-05T16:05:34","guid":{"rendered":"http:\/\/www.drkara.at\/wordpress\/?page_id=31"},"modified":"2024-06-06T11:34:20","modified_gmt":"2024-06-06T11:34:20","slug":"sedierung","status":"publish","type":"page","link":"https:\/\/www.drkara.at\/wordpress\/endoskopie-dr-kara\/sedierung\/","title":{"rendered":"Sedierung"},"content":{"rendered":"<p><a title=\"Sedierung\" href=\"http:\/\/www.drkara.at\/wordpress\/?page_id=31\">Sedierung<\/a>\u00a0| <a title=\"Vorsorge\" href=\"http:\/\/www.drkara.at\/wordpress\/?page_id=33\">Vorsorge<\/a>\u00a0| <a title=\"Gastroskopie\" href=\"http:\/\/www.drkara.at\/wordpress\/?page_id=35\">Gastroskopie<\/a>\u00a0| <a title=\"Coloskopie\" href=\"http:\/\/www.drkara.at\/wordpress\/?page_id=37\">Coloskopie<\/a>\u00a0|\u00a0<a title=\"Checkliste\" href=\"http:\/\/www.drkara.at\/wordpress\/?page_id=39\">Checkliste<\/a>\u00a0|\u00a0<a title=\"Aufkl\u00e4rungs- Anamnese- und Einwilligungsbogen\" href=\"https:\/\/www.drkara.at\/wordpress\/endoskopie-dr-kara\/einwilligungsbogen-gastroskopie\/\">Einwilligungsbogen Gastroskopie<\/a><\/p>\n<hr \/>\n<p>Im Rahmen der sanften Endoskopie erhalten Sie vor der Darmspiegelung und auf Wunsch auch bei der Gastroskopie \u00a0eine sogenannte \u201eSchlummerspritze\u201c.\u00a0Dadurch wird f\u00fcr Sie die Stressbelastung dieser Untersuchung deutlich reduziert und die Angst vor diesen Untersuchungen genommen.<\/p>\n<p>Im Unterschied zur Narkose sind Sie aber jederzeit weckbar.<\/p>\n<p>Ihre Atmung wird mit Hilfe eines Pulsoxymeters \u00fcberwacht und Sie erhalten Sauerstoff durch eine \u201eNasenbrille\u201c.\u00a0Ich verabreiche \u201eMidazolam\u201c und \u201ePropofol\u201c. Dadurch werden Sie in kurzer Zeit in einen entspannten Schlaf versetzt und die Untersuchung ist so f\u00fcr die allermeisten Patienten\/innen nicht schmerzhaft.<\/p>\n<p>Nach der Darm,- und der Magenspiegelung k\u00f6nnen Sie sich noch gerne 1,5 Stunden in meiner Ordination ausruhen und entspannen.<\/p>\n<p><strong>Bitte beachten Sie, dass Sie am Untersuchungstag \u00a0nicht aktiv am Stra\u00dfenverkehr teilnehmen d\u00fcrfen deswegen organisieren Sie bitte rechtzeitig eine &#8222;Mitfahrgelegenheit&#8220; (z.B &#8222;<\/strong><b>Ernsti-Mobil&#8220;).<\/b><\/p>\n","protected":false},"excerpt":{"rendered":"<p>Sedierung\u00a0| Vorsorge\u00a0| Gastroskopie\u00a0| Coloskopie\u00a0|\u00a0Checkliste\u00a0|\u00a0Einwilligungsbogen Gastroskopie Im Rahmen der sanften Endoskopie erhalten Sie vor der Darmspiegelung und auf Wunsch auch bei der Gastroskopie \u00a0eine sogenannte \u201eSchlummerspritze\u201c.\u00a0Dadurch wird f\u00fcr Sie die Stressbelastung dieser Untersuchung deutlich reduziert und die Angst vor diesen Untersuchungen &hellip; <a href=\"https:\/\/www.drkara.at\/wordpress\/endoskopie-dr-kara\/sedierung\/\">Weiter<\/a><\/p>\n","protected":false},"author":1,"featured_media":0,"parent":13,"menu_order":2,"comment_status":"closed","ping_status":"closed","template":"","meta":{"footnotes":""},"class_list":["post-31","page","type-page","status-publish","hentry"],"yoast_head":"<!-- This site is optimized with the Yoast SEO plugin v23.0 - https:\/\/yoast.com\/wordpress\/plugins\/seo\/ -->\n<title>Sedierung | Dr. Marion Kara | Internistin &amp; Gastroenterologin<\/title>\n<meta name=\"description\" content=\"Im Rahmen der sanften Endoskopie erhalten Sie vor der Darmspiegelung und auf Wunsch auch bei der Gastroskopie eine sogenannte Schlummerspritze (Sedierung).\" \/>\n<meta name=\"robots\" content=\"index, follow, max-snippet:-1, max-image-preview:large, max-video-preview:-1\" \/>\n<link rel=\"canonical\" href=\"https:\/\/www.drkara.at\/wordpress\/endoskopie-dr-kara\/sedierung\/\" \/>\n<meta property=\"og:locale\" content=\"de_DE\" \/>\n<meta property=\"og:type\" content=\"article\" \/>\n<meta property=\"og:title\" content=\"Sedierung | Dr. Marion Kara | Internistin &amp; Gastroenterologin\" \/>\n<meta property=\"og:description\" content=\"Im Rahmen der sanften Endoskopie erhalten Sie vor der Darmspiegelung und auf Wunsch auch bei der Gastroskopie eine sogenannte Schlummerspritze (Sedierung).\" \/>\n<meta property=\"og:url\" content=\"https:\/\/www.drkara.at\/wordpress\/endoskopie-dr-kara\/sedierung\/\" \/>\n<meta property=\"og:site_name\" content=\"Dr. Marion Kara, Fach\u00e4rztin f\u00fcr Innere Medizin &amp; Gastroenterologie\" \/>\n<meta property=\"article:modified_time\" content=\"2024-06-06T11:34:20+00:00\" \/>\n<meta name=\"twitter:label1\" content=\"Gesch\u00e4tzte Lesezeit\" \/>\n\t<meta name=\"twitter:data1\" content=\"1\u00a0Minute\" \/>\n<script type=\"application\/ld+json\" class=\"yoast-schema-graph\">{\"@context\":\"https:\/\/schema.org\",\"@graph\":[{\"@type\":\"WebPage\",\"@id\":\"https:\/\/www.drkara.at\/wordpress\/endoskopie-dr-kara\/sedierung\/\",\"url\":\"https:\/\/www.drkara.at\/wordpress\/endoskopie-dr-kara\/sedierung\/\",\"name\":\"Sedierung | Dr. Marion Kara | Internistin & Gastroenterologin\",\"isPartOf\":{\"@id\":\"https:\/\/www.drkara.at\/wordpress\/#website\"},\"datePublished\":\"2015-02-05T16:05:34+00:00\",\"dateModified\":\"2024-06-06T11:34:20+00:00\",\"description\":\"Im Rahmen der sanften Endoskopie erhalten Sie vor der Darmspiegelung und auf Wunsch auch bei der Gastroskopie eine sogenannte Schlummerspritze (Sedierung).\",\"breadcrumb\":{\"@id\":\"https:\/\/www.drkara.at\/wordpress\/endoskopie-dr-kara\/sedierung\/#breadcrumb\"},\"inLanguage\":\"de\",\"potentialAction\":[{\"@type\":\"ReadAction\",\"target\":[\"https:\/\/www.drkara.at\/wordpress\/endoskopie-dr-kara\/sedierung\/\"]}]},{\"@type\":\"BreadcrumbList\",\"@id\":\"https:\/\/www.drkara.at\/wordpress\/endoskopie-dr-kara\/sedierung\/#breadcrumb\",\"itemListElement\":[{\"@type\":\"ListItem\",\"position\":1,\"name\":\"Home\",\"item\":\"https:\/\/www.drkara.at\/wordpress\/\"},{\"@type\":\"ListItem\",\"position\":2,\"name\":\"Endoskopie\",\"item\":\"https:\/\/www.drkara.at\/wordpress\/endoskopie-dr-kara\/\"},{\"@type\":\"ListItem\",\"position\":3,\"name\":\"Sedierung\"}]},{\"@type\":\"WebSite\",\"@id\":\"https:\/\/www.drkara.at\/wordpress\/#website\",\"url\":\"https:\/\/www.drkara.at\/wordpress\/\",\"name\":\"Dr. Marion Kara, Fach\u00e4rztin f\u00fcr Innere Medizin &amp; Gastroenterologie\",\"description\":\"Willkommen in meiner Ordination, ich betreue Sie in Fragen zur Inneren Medizin und Gastroenterologie\",\"potentialAction\":[{\"@type\":\"SearchAction\",\"target\":{\"@type\":\"EntryPoint\",\"urlTemplate\":\"https:\/\/www.drkara.at\/wordpress\/?s={search_term_string}\"},\"query-input\":\"required name=search_term_string\"}],\"inLanguage\":\"de\"}]}<\/script>\n<!-- \/ Yoast SEO plugin. -->","yoast_head_json":{"title":"Sedierung | Dr. Marion Kara | Internistin & Gastroenterologin","description":"Im Rahmen der sanften Endoskopie erhalten Sie vor der Darmspiegelung und auf Wunsch auch bei der Gastroskopie eine sogenannte Schlummerspritze (Sedierung).","robots":{"index":"index","follow":"follow","max-snippet":"max-snippet:-1","max-image-preview":"max-image-preview:large","max-video-preview":"max-video-preview:-1"},"canonical":"https:\/\/www.drkara.at\/wordpress\/endoskopie-dr-kara\/sedierung\/","og_locale":"de_DE","og_type":"article","og_title":"Sedierung | Dr. Marion Kara | Internistin & Gastroenterologin","og_description":"Im Rahmen der sanften Endoskopie erhalten Sie vor der Darmspiegelung und auf Wunsch auch bei der Gastroskopie eine sogenannte Schlummerspritze (Sedierung).","og_url":"https:\/\/www.drkara.at\/wordpress\/endoskopie-dr-kara\/sedierung\/","og_site_name":"Dr. Marion Kara, Fach\u00e4rztin f\u00fcr Innere Medizin &amp; Gastroenterologie","article_modified_time":"2024-06-06T11:34:20+00:00","twitter_misc":{"Gesch\u00e4tzte Lesezeit":"1\u00a0Minute"},"schema":{"@context":"https:\/\/schema.org","@graph":[{"@type":"WebPage","@id":"https:\/\/www.drkara.at\/wordpress\/endoskopie-dr-kara\/sedierung\/","url":"https:\/\/www.drkara.at\/wordpress\/endoskopie-dr-kara\/sedierung\/","name":"Sedierung | Dr. Marion Kara | Internistin & Gastroenterologin","isPartOf":{"@id":"https:\/\/www.drkara.at\/wordpress\/#website"},"datePublished":"2015-02-05T16:05:34+00:00","dateModified":"2024-06-06T11:34:20+00:00","description":"Im Rahmen der sanften Endoskopie erhalten Sie vor der Darmspiegelung und auf Wunsch auch bei der Gastroskopie eine sogenannte Schlummerspritze (Sedierung).","breadcrumb":{"@id":"https:\/\/www.drkara.at\/wordpress\/endoskopie-dr-kara\/sedierung\/#breadcrumb"},"inLanguage":"de","potentialAction":[{"@type":"ReadAction","target":["https:\/\/www.drkara.at\/wordpress\/endoskopie-dr-kara\/sedierung\/"]}]},{"@type":"BreadcrumbList","@id":"https:\/\/www.drkara.at\/wordpress\/endoskopie-dr-kara\/sedierung\/#breadcrumb","itemListElement":[{"@type":"ListItem","position":1,"name":"Home","item":"https:\/\/www.drkara.at\/wordpress\/"},{"@type":"ListItem","position":2,"name":"Endoskopie","item":"https:\/\/www.drkara.at\/wordpress\/endoskopie-dr-kara\/"},{"@type":"ListItem","position":3,"name":"Sedierung"}]},{"@type":"WebSite","@id":"https:\/\/www.drkara.at\/wordpress\/#website","url":"https:\/\/www.drkara.at\/wordpress\/","name":"Dr. Marion Kara, Fach\u00e4rztin f\u00fcr Innere Medizin &amp; Gastroenterologie","description":"Willkommen in meiner Ordination, ich betreue Sie in Fragen zur Inneren Medizin und Gastroenterologie","potentialAction":[{"@type":"SearchAction","target":{"@type":"EntryPoint","urlTemplate":"https:\/\/www.drkara.at\/wordpress\/?s={search_term_string}"},"query-input":"required name=search_term_string"}],"inLanguage":"de"}]}},"_links":{"self":[{"href":"https:\/\/www.drkara.at\/wordpress\/wp-json\/wp\/v2\/pages\/31"}],"collection":[{"href":"https:\/\/www.drkara.at\/wordpress\/wp-json\/wp\/v2\/pages"}],"about":[{"href":"https:\/\/www.drkara.at\/wordpress\/wp-json\/wp\/v2\/types\/page"}],"author":[{"embeddable":true,"href":"https:\/\/www.drkara.at\/wordpress\/wp-json\/wp\/v2\/users\/1"}],"replies":[{"embeddable":true,"href":"https:\/\/www.drkara.at\/wordpress\/wp-json\/wp\/v2\/comments?post=31"}],"version-history":[{"count":14,"href":"https:\/\/www.drkara.at\/wordpress\/wp-json\/wp\/v2\/pages\/31\/revisions"}],"predecessor-version":[{"id":920,"href":"https:\/\/www.drkara.at\/wordpress\/wp-json\/wp\/v2\/pages\/31\/revisions\/920"}],"up":[{"embeddable":true,"href":"https:\/\/www.drkara.at\/wordpress\/wp-json\/wp\/v2\/pages\/13"}],"wp:attachment":[{"href":"https:\/\/www.drkara.at\/wordpress\/wp-json\/wp\/v2\/media?parent=31"}],"curies":[{"name":"wp","href":"https:\/\/api.w.org\/{rel}","templated":true}]}}