{"id":37,"date":"2015-02-05T16:06:43","date_gmt":"2015-02-05T16:06:43","guid":{"rendered":"http:\/\/www.drkara.at\/wordpress\/?page_id=37"},"modified":"2026-04-07T08:36:31","modified_gmt":"2026-04-07T08:36:31","slug":"coloskopie","status":"publish","type":"page","link":"https:\/\/www.drkara.at\/wordpress\/endoskopie-dr-kara\/coloskopie\/","title":{"rendered":"Coloskopie"},"content":{"rendered":"<p><a title=\"Sedierung\" href=\"http:\/\/www.drkara.at\/wordpress\/?page_id=31\">Sedierung<\/a>\u00a0| <a title=\"Vorsorge\" href=\"http:\/\/www.drkara.at\/wordpress\/?page_id=33\">Vorsorge<\/a>\u00a0| <a title=\"Gastroskopie\" href=\"http:\/\/www.drkara.at\/wordpress\/?page_id=35\">Gastroskopie<\/a>\u00a0| <a title=\"Coloskopie\" href=\"http:\/\/www.drkara.at\/wordpress\/?page_id=37\">Coloskopie<\/a>\u00a0|\u00a0<a title=\"Checkliste\" href=\"http:\/\/www.drkara.at\/wordpress\/?page_id=39\">Checkliste<\/a>\u00a0|\u00a0<a title=\"Aufkl\u00e4rungs- Anamnese- und Einwilligungsbogen\" href=\"https:\/\/www.drkara.at\/wordpress\/endoskopie-dr-kara\/einwilligungsbogen-gastroskopie\/\">Einwilligungsbogen Gastroskopie<\/a><\/p>\n<hr \/>\n<p>Die Darmspiegelung, auch Coloskopie genannt, ist eine Methode mit Hilfe eines flexiblen Endoskops den Dickdarm und zumeist auch die letzten Zentimeter des D\u00fcnndarms zu untersuchen.<\/p>\n<p>Typische Indikationen sind:<\/p>\n<ul>\n<li>Vorsorgecoloskopien (ab dem 45. Lebensjahr oder, falls in der Familie Darmkrebs vorliegt, bereits fr\u00fcher)<\/li>\n<li>rektale Blutabg\u00e4nge<\/li>\n<li>Abkl\u00e4rung unklarer Durchf\u00e4lle<\/li>\n<li>Verstopfung<\/li>\n<li>Blutarmut oder unklare Bauchbeschwerden.<\/li>\n<\/ul>\n<p>Falls Sie von einem\/r Kollegen\/in zu einer Coloskopie\u00a0\u00fcberwiesen wurden, oder eine Vorsorge Coloskopie durchf\u00fchren lassen wollen, k\u00f6nnen Sie dazu gerne telefonisch einen <a title=\"Kontakt\" href=\"http:\/\/www.drkara.at\/wordpress\/?page_id=27\">Termin <\/a>vereinbaren.<\/p>\n<p>Kommen Sie bitte sp\u00e4testens 1 Woche vor dem Untersuchungstermin kurz in unsere Ordination.<\/p>\n<p>Sie erhalten:<\/p>\n<ol>\n<li>Einwilligungserkl\u00e4rung die 24 Stunden vor der Untersuchung unterschrieben werden muss.<\/li>\n<li>Ein Rezept f\u00fcr das darmreinigende Medikament mit Anleitung wie dieses eingenommen wird. Durch eine ausreichende Darmreinigung kann die Qualit\u00e4t der Untersuchung deutlich verbessert werden.<\/li>\n<\/ol>\n<p>Um die Untersuchung m\u00f6glichst sanft und f\u00fcr Sie angenehm durchf\u00fchren zu k\u00f6nnen, verabreichen wir &#8222;Midazolam&#8220; und &#8222;Propofol&#8220; damit Sie nichts davon mitbekommen.\u00a0Die Untersuchung selbst dauert etwa 1 Stunde. Nach der Untersuchung werden Sie noch 1,5 Stunden in meiner Ordination \u00fcberwacht und k\u00f6nnen sich in einer angenehmen Atmosph\u00e4re ausruhen.<\/p>\n<p>Nach Verabreichung der \u201eSchlummerspritze\u201c d\u00fcrfen Sie den ganzen restlichen Tag nicht aktiv am Stra\u00dfenverkehr teilnehmen.<\/p>\n<p>Ihre Morgenmedikation d\u00fcrfen Sie am Untersuchungstag wie gewohnt einnehmen.<\/p>\n<p>Sollten Sie blutverd\u00fcnnende Medikamente wie \u201eThrombo ASS\u201c oder \u201ePlavix\u201c einnehmen, m\u00fcssen diese in der Regel nicht pausiert werden. Bei Einnahme von \u201eMarcoumar\u201c halten Sie bitte mit uns R\u00fccksprache ob die Therapie abgesetzt werden soll.<\/p>\n<p>Falls Proben genommen werden, erhalten sie die Ergebnisse auf dem Postweg. In manchen\u00a0F\u00e4llen ist ein weiterer Besprechungstermin erforderlich.<\/p>\n<p>Sie erhalten eine Honorarnote mit der Sie bei Ihrer Krankenkasse um Kostenr\u00fcckerstattung ansuchen k\u00f6nnen. Diese liegt bei etwa 80 Prozent des Kassentarifs.<\/p>\n<p><strong>Eine Vorsorge Coloskopie ist f\u00fcr Sie kostenlos, da diese \u00fcblicherweise ohne Probleme direkt mit den Krankenkassen verrechnet werden kann.<\/strong><\/p>\n<hr \/>\n<p>Hier finden Sie eine Coloskopie-Checkliste zum Download: <a href=\"https:\/\/www.drkara.at\/wordpress\/wp-content\/uploads\/2025\/01\/Checkliste_Coloskopie_2025.pdf\" target=\"_blank\" rel=\"noopener\">Checkliste Coloskopie (pdf, 49KB)<\/a><\/p>\n","protected":false},"excerpt":{"rendered":"<p>Sedierung\u00a0| Vorsorge\u00a0| Gastroskopie\u00a0| Coloskopie\u00a0|\u00a0Checkliste\u00a0|\u00a0Einwilligungsbogen Gastroskopie Die Darmspiegelung, auch Coloskopie genannt, ist eine Methode mit Hilfe eines flexiblen Endoskops den Dickdarm und zumeist auch die letzten Zentimeter des D\u00fcnndarms zu untersuchen. Typische Indikationen sind: Vorsorgecoloskopien (ab dem 45. Lebensjahr oder, falls &hellip; <a href=\"https:\/\/www.drkara.at\/wordpress\/endoskopie-dr-kara\/coloskopie\/\">Weiter<\/a><\/p>\n","protected":false},"author":1,"featured_media":462,"parent":13,"menu_order":5,"comment_status":"closed","ping_status":"closed","template":"","meta":{"footnotes":""},"class_list":["post-37","page","type-page","status-publish","has-post-thumbnail","hentry"],"yoast_head":"<!-- This site is optimized with the Yoast SEO plugin v23.0 - https:\/\/yoast.com\/wordpress\/plugins\/seo\/ -->\n<title>Coloskopie | Dr. Marion Kara | Internistin &amp; Gastroenterologin<\/title>\n<meta name=\"description\" content=\"Die Coloskopie (Darmspiegelung), ist eine Methode mit Hilfe eines flexiblen Endoskops den Dickdarm bzw. die letzten Zentimeter des D\u00fcnndarms zu untersuchen.\" \/>\n<meta name=\"robots\" content=\"index, follow, max-snippet:-1, max-image-preview:large, max-video-preview:-1\" \/>\n<link rel=\"canonical\" href=\"https:\/\/www.drkara.at\/wordpress\/endoskopie-dr-kara\/coloskopie\/\" \/>\n<meta property=\"og:locale\" content=\"de_DE\" \/>\n<meta property=\"og:type\" content=\"article\" \/>\n<meta property=\"og:title\" content=\"Coloskopie | Dr. Marion Kara | Internistin &amp; Gastroenterologin\" \/>\n<meta property=\"og:description\" content=\"Die Coloskopie (Darmspiegelung), ist eine Methode mit Hilfe eines flexiblen Endoskops den Dickdarm bzw. die letzten Zentimeter des D\u00fcnndarms zu untersuchen.\" \/>\n<meta property=\"og:url\" content=\"https:\/\/www.drkara.at\/wordpress\/endoskopie-dr-kara\/coloskopie\/\" \/>\n<meta property=\"og:site_name\" content=\"Dr. Marion Kara, Fach\u00e4rztin f\u00fcr Innere Medizin &amp; Gastroenterologie\" \/>\n<meta property=\"article:modified_time\" content=\"2026-04-07T08:36:31+00:00\" \/>\n<meta property=\"og:image\" content=\"https:\/\/www.drkara.at\/wordpress\/wp-content\/uploads\/2015\/02\/Daisies-Background-e1424098175654.jpg\" \/>\n\t<meta property=\"og:image:width\" content=\"500\" \/>\n\t<meta property=\"og:image:height\" content=\"313\" \/>\n\t<meta property=\"og:image:type\" content=\"image\/jpeg\" \/>\n<meta name=\"twitter:label1\" content=\"Gesch\u00e4tzte Lesezeit\" \/>\n\t<meta name=\"twitter:data1\" content=\"2\u00a0Minuten\" \/>\n<script type=\"application\/ld+json\" class=\"yoast-schema-graph\">{\"@context\":\"https:\/\/schema.org\",\"@graph\":[{\"@type\":\"WebPage\",\"@id\":\"https:\/\/www.drkara.at\/wordpress\/endoskopie-dr-kara\/coloskopie\/\",\"url\":\"https:\/\/www.drkara.at\/wordpress\/endoskopie-dr-kara\/coloskopie\/\",\"name\":\"Coloskopie | Dr. Marion Kara | Internistin & Gastroenterologin\",\"isPartOf\":{\"@id\":\"https:\/\/www.drkara.at\/wordpress\/#website\"},\"primaryImageOfPage\":{\"@id\":\"https:\/\/www.drkara.at\/wordpress\/endoskopie-dr-kara\/coloskopie\/#primaryimage\"},\"image\":{\"@id\":\"https:\/\/www.drkara.at\/wordpress\/endoskopie-dr-kara\/coloskopie\/#primaryimage\"},\"thumbnailUrl\":\"https:\/\/www.drkara.at\/wordpress\/wp-content\/uploads\/2015\/02\/Daisies-Background-e1424098175654.jpg\",\"datePublished\":\"2015-02-05T16:06:43+00:00\",\"dateModified\":\"2026-04-07T08:36:31+00:00\",\"description\":\"Die Coloskopie (Darmspiegelung), ist eine Methode mit Hilfe eines flexiblen Endoskops den Dickdarm bzw. die letzten Zentimeter des D\u00fcnndarms zu untersuchen.\",\"breadcrumb\":{\"@id\":\"https:\/\/www.drkara.at\/wordpress\/endoskopie-dr-kara\/coloskopie\/#breadcrumb\"},\"inLanguage\":\"de\",\"potentialAction\":[{\"@type\":\"ReadAction\",\"target\":[\"https:\/\/www.drkara.at\/wordpress\/endoskopie-dr-kara\/coloskopie\/\"]}]},{\"@type\":\"ImageObject\",\"inLanguage\":\"de\",\"@id\":\"https:\/\/www.drkara.at\/wordpress\/endoskopie-dr-kara\/coloskopie\/#primaryimage\",\"url\":\"https:\/\/www.drkara.at\/wordpress\/wp-content\/uploads\/2015\/02\/Daisies-Background-e1424098175654.jpg\",\"contentUrl\":\"https:\/\/www.drkara.at\/wordpress\/wp-content\/uploads\/2015\/02\/Daisies-Background-e1424098175654.jpg\",\"width\":500,\"height\":313,\"caption\":\"Coloskopie\"},{\"@type\":\"BreadcrumbList\",\"@id\":\"https:\/\/www.drkara.at\/wordpress\/endoskopie-dr-kara\/coloskopie\/#breadcrumb\",\"itemListElement\":[{\"@type\":\"ListItem\",\"position\":1,\"name\":\"Home\",\"item\":\"https:\/\/www.drkara.at\/wordpress\/\"},{\"@type\":\"ListItem\",\"position\":2,\"name\":\"Endoskopie\",\"item\":\"https:\/\/www.drkara.at\/wordpress\/endoskopie-dr-kara\/\"},{\"@type\":\"ListItem\",\"position\":3,\"name\":\"Coloskopie\"}]},{\"@type\":\"WebSite\",\"@id\":\"https:\/\/www.drkara.at\/wordpress\/#website\",\"url\":\"https:\/\/www.drkara.at\/wordpress\/\",\"name\":\"Dr. Marion Kara, Fach\u00e4rztin f\u00fcr Innere Medizin &amp; Gastroenterologie\",\"description\":\"Willkommen in meiner Ordination, ich betreue Sie in Fragen zur Inneren Medizin und Gastroenterologie\",\"potentialAction\":[{\"@type\":\"SearchAction\",\"target\":{\"@type\":\"EntryPoint\",\"urlTemplate\":\"https:\/\/www.drkara.at\/wordpress\/?s={search_term_string}\"},\"query-input\":\"required name=search_term_string\"}],\"inLanguage\":\"de\"}]}<\/script>\n<!-- \/ Yoast SEO plugin. -->","yoast_head_json":{"title":"Coloskopie | Dr. Marion Kara | Internistin & Gastroenterologin","description":"Die Coloskopie (Darmspiegelung), ist eine Methode mit Hilfe eines flexiblen Endoskops den Dickdarm bzw. die letzten Zentimeter des D\u00fcnndarms zu untersuchen.","robots":{"index":"index","follow":"follow","max-snippet":"max-snippet:-1","max-image-preview":"max-image-preview:large","max-video-preview":"max-video-preview:-1"},"canonical":"https:\/\/www.drkara.at\/wordpress\/endoskopie-dr-kara\/coloskopie\/","og_locale":"de_DE","og_type":"article","og_title":"Coloskopie | Dr. Marion Kara | Internistin & Gastroenterologin","og_description":"Die Coloskopie (Darmspiegelung), ist eine Methode mit Hilfe eines flexiblen Endoskops den Dickdarm bzw. die letzten Zentimeter des D\u00fcnndarms zu untersuchen.","og_url":"https:\/\/www.drkara.at\/wordpress\/endoskopie-dr-kara\/coloskopie\/","og_site_name":"Dr. Marion Kara, Fach\u00e4rztin f\u00fcr Innere Medizin &amp; Gastroenterologie","article_modified_time":"2026-04-07T08:36:31+00:00","og_image":[{"width":500,"height":313,"url":"https:\/\/www.drkara.at\/wordpress\/wp-content\/uploads\/2015\/02\/Daisies-Background-e1424098175654.jpg","type":"image\/jpeg"}],"twitter_misc":{"Gesch\u00e4tzte Lesezeit":"2\u00a0Minuten"},"schema":{"@context":"https:\/\/schema.org","@graph":[{"@type":"WebPage","@id":"https:\/\/www.drkara.at\/wordpress\/endoskopie-dr-kara\/coloskopie\/","url":"https:\/\/www.drkara.at\/wordpress\/endoskopie-dr-kara\/coloskopie\/","name":"Coloskopie | Dr. Marion Kara | Internistin & Gastroenterologin","isPartOf":{"@id":"https:\/\/www.drkara.at\/wordpress\/#website"},"primaryImageOfPage":{"@id":"https:\/\/www.drkara.at\/wordpress\/endoskopie-dr-kara\/coloskopie\/#primaryimage"},"image":{"@id":"https:\/\/www.drkara.at\/wordpress\/endoskopie-dr-kara\/coloskopie\/#primaryimage"},"thumbnailUrl":"https:\/\/www.drkara.at\/wordpress\/wp-content\/uploads\/2015\/02\/Daisies-Background-e1424098175654.jpg","datePublished":"2015-02-05T16:06:43+00:00","dateModified":"2026-04-07T08:36:31+00:00","description":"Die Coloskopie (Darmspiegelung), ist eine Methode mit Hilfe eines flexiblen Endoskops den Dickdarm bzw. die letzten Zentimeter des D\u00fcnndarms zu untersuchen.","breadcrumb":{"@id":"https:\/\/www.drkara.at\/wordpress\/endoskopie-dr-kara\/coloskopie\/#breadcrumb"},"inLanguage":"de","potentialAction":[{"@type":"ReadAction","target":["https:\/\/www.drkara.at\/wordpress\/endoskopie-dr-kara\/coloskopie\/"]}]},{"@type":"ImageObject","inLanguage":"de","@id":"https:\/\/www.drkara.at\/wordpress\/endoskopie-dr-kara\/coloskopie\/#primaryimage","url":"https:\/\/www.drkara.at\/wordpress\/wp-content\/uploads\/2015\/02\/Daisies-Background-e1424098175654.jpg","contentUrl":"https:\/\/www.drkara.at\/wordpress\/wp-content\/uploads\/2015\/02\/Daisies-Background-e1424098175654.jpg","width":500,"height":313,"caption":"Coloskopie"},{"@type":"BreadcrumbList","@id":"https:\/\/www.drkara.at\/wordpress\/endoskopie-dr-kara\/coloskopie\/#breadcrumb","itemListElement":[{"@type":"ListItem","position":1,"name":"Home","item":"https:\/\/www.drkara.at\/wordpress\/"},{"@type":"ListItem","position":2,"name":"Endoskopie","item":"https:\/\/www.drkara.at\/wordpress\/endoskopie-dr-kara\/"},{"@type":"ListItem","position":3,"name":"Coloskopie"}]},{"@type":"WebSite","@id":"https:\/\/www.drkara.at\/wordpress\/#website","url":"https:\/\/www.drkara.at\/wordpress\/","name":"Dr. Marion Kara, Fach\u00e4rztin f\u00fcr Innere Medizin &amp; Gastroenterologie","description":"Willkommen in meiner Ordination, ich betreue Sie in Fragen zur Inneren Medizin und Gastroenterologie","potentialAction":[{"@type":"SearchAction","target":{"@type":"EntryPoint","urlTemplate":"https:\/\/www.drkara.at\/wordpress\/?s={search_term_string}"},"query-input":"required name=search_term_string"}],"inLanguage":"de"}]}},"_links":{"self":[{"href":"https:\/\/www.drkara.at\/wordpress\/wp-json\/wp\/v2\/pages\/37"}],"collection":[{"href":"https:\/\/www.drkara.at\/wordpress\/wp-json\/wp\/v2\/pages"}],"about":[{"href":"https:\/\/www.drkara.at\/wordpress\/wp-json\/wp\/v2\/types\/page"}],"author":[{"embeddable":true,"href":"https:\/\/www.drkara.at\/wordpress\/wp-json\/wp\/v2\/users\/1"}],"replies":[{"embeddable":true,"href":"https:\/\/www.drkara.at\/wordpress\/wp-json\/wp\/v2\/comments?post=37"}],"version-history":[{"count":33,"href":"https:\/\/www.drkara.at\/wordpress\/wp-json\/wp\/v2\/pages\/37\/revisions"}],"predecessor-version":[{"id":985,"href":"https:\/\/www.drkara.at\/wordpress\/wp-json\/wp\/v2\/pages\/37\/revisions\/985"}],"up":[{"embeddable":true,"href":"https:\/\/www.drkara.at\/wordpress\/wp-json\/wp\/v2\/pages\/13"}],"wp:featuredmedia":[{"embeddable":true,"href":"https:\/\/www.drkara.at\/wordpress\/wp-json\/wp\/v2\/media\/462"}],"wp:attachment":[{"href":"https:\/\/www.drkara.at\/wordpress\/wp-json\/wp\/v2\/media?parent=37"}],"curies":[{"name":"wp","href":"https:\/\/api.w.org\/{rel}","templated":true}]}}