{"id":39,"date":"2015-02-05T16:07:02","date_gmt":"2015-02-05T16:07:02","guid":{"rendered":"http:\/\/www.drkara.at\/wordpress\/?page_id=39"},"modified":"2025-01-15T08:34:18","modified_gmt":"2025-01-15T08:34:18","slug":"checkliste","status":"publish","type":"page","link":"https:\/\/www.drkara.at\/wordpress\/endoskopie-dr-kara\/checkliste\/","title":{"rendered":"Checkliste"},"content":{"rendered":"<p><a title=\"Sedierung\" href=\"http:\/\/www.drkara.at\/wordpress\/?page_id=31\">Sedierung<\/a>\u00a0| <a title=\"Vorsorge\" href=\"http:\/\/www.drkara.at\/wordpress\/?page_id=33\">Vorsorge<\/a>\u00a0| <a title=\"Gastroskopie\" href=\"http:\/\/www.drkara.at\/wordpress\/?page_id=35\">Gastroskopie<\/a>\u00a0| <a title=\"Coloskopie\" href=\"http:\/\/www.drkara.at\/wordpress\/?page_id=37\">Coloskopie<\/a>\u00a0|\u00a0<a title=\"Checkliste\" href=\"http:\/\/www.drkara.at\/wordpress\/?page_id=39\">Checkliste<\/a>\u00a0|\u00a0<a title=\"Aufkl\u00e4rungs- Anamnese- und Einwilligungsbogen\" href=\"https:\/\/www.drkara.at\/wordpress\/endoskopie-dr-kara\/einwilligungsbogen-gastroskopie\/\">Einwilligungsbogen Gastroskopie<\/a><\/p>\n<hr \/>\n<p>Die Erstellung und Abarbeitung einer Checkliste macht durchaus Sinn. So k\u00f6nnen Sie Punkt f\u00fcr Punkt abarbeiten und es ist sichergestellt, dass Sie keine wichtigen Punkte vergessen.<\/p>\n<p>Aus diesem Grund finden Sie hier zwei pdf-Dateien\u00a0mit einigen interessanten und wichtigen Punkten zu den\u00a0Themen Gastro-\/Coloskopie zum Ausdrucken.<\/p>\n<p>Bitte lesen Sie sich den Inhalt aufmerksam durch, um einen reibungslosen Ablauf Ihrer Gastroskopie oder Coloskopie zu gew\u00e4hrleisten.<\/p>\n<p><a href=\"https:\/\/www.drkara.at\/wordpress\/wp-content\/uploads\/2025\/01\/Checkliste_Coloskopie_2025.pdf\" target=\"_blank\" rel=\"noopener\">Checkliste Coloskopie (pdf, 49KB)<\/a><\/p>\n<p><a href=\"https:\/\/www.drkara.at\/wordpress\/wp-content\/uploads\/2025\/01\/Checkliste_Gastroskopie_2025.pdf\" target=\"_blank\" rel=\"noopener\">Checkliste Gastroskopie (pdf, 45KB)<\/a><\/p>\n","protected":false},"excerpt":{"rendered":"<p>Sedierung\u00a0| Vorsorge\u00a0| Gastroskopie\u00a0| Coloskopie\u00a0|\u00a0Checkliste\u00a0|\u00a0Einwilligungsbogen Gastroskopie Die Erstellung und Abarbeitung einer Checkliste macht durchaus Sinn. So k\u00f6nnen Sie Punkt f\u00fcr Punkt abarbeiten und es ist sichergestellt, dass Sie keine wichtigen Punkte vergessen. Aus diesem Grund finden Sie hier zwei pdf-Dateien\u00a0mit einigen &hellip; <a href=\"https:\/\/www.drkara.at\/wordpress\/endoskopie-dr-kara\/checkliste\/\">Weiter<\/a><\/p>\n","protected":false},"author":1,"featured_media":0,"parent":13,"menu_order":6,"comment_status":"closed","ping_status":"closed","template":"","meta":{"footnotes":""},"class_list":["post-39","page","type-page","status-publish","hentry"],"yoast_head":"<!-- This site is optimized with the Yoast SEO plugin v23.0 - https:\/\/yoast.com\/wordpress\/plugins\/seo\/ -->\n<title>Checkliste | Dr. Marion Kara | Internistin &amp; Gastroenterologin<\/title>\n<meta name=\"description\" content=\"Hier finden Sie einige interessante und wichtige Punkte zu den Themen Gastro-\/Coloskopie in Form einer pdf-Checkliste zum Ausdrucken.\" \/>\n<meta name=\"robots\" content=\"index, follow, max-snippet:-1, max-image-preview:large, max-video-preview:-1\" \/>\n<link rel=\"canonical\" href=\"https:\/\/www.drkara.at\/wordpress\/endoskopie-dr-kara\/checkliste\/\" \/>\n<meta property=\"og:locale\" content=\"de_DE\" \/>\n<meta property=\"og:type\" content=\"article\" \/>\n<meta property=\"og:title\" content=\"Checkliste | Dr. Marion Kara | Internistin &amp; Gastroenterologin\" \/>\n<meta property=\"og:description\" content=\"Hier finden Sie einige interessante und wichtige Punkte zu den Themen Gastro-\/Coloskopie in Form einer pdf-Checkliste zum Ausdrucken.\" \/>\n<meta property=\"og:url\" content=\"https:\/\/www.drkara.at\/wordpress\/endoskopie-dr-kara\/checkliste\/\" \/>\n<meta property=\"og:site_name\" content=\"Dr. Marion Kara, Fach\u00e4rztin f\u00fcr Innere Medizin &amp; Gastroenterologie\" \/>\n<meta property=\"article:modified_time\" content=\"2025-01-15T08:34:18+00:00\" \/>\n<meta name=\"twitter:label1\" content=\"Gesch\u00e4tzte Lesezeit\" \/>\n\t<meta name=\"twitter:data1\" content=\"1\u00a0Minute\" \/>\n<script type=\"application\/ld+json\" class=\"yoast-schema-graph\">{\"@context\":\"https:\/\/schema.org\",\"@graph\":[{\"@type\":\"WebPage\",\"@id\":\"https:\/\/www.drkara.at\/wordpress\/endoskopie-dr-kara\/checkliste\/\",\"url\":\"https:\/\/www.drkara.at\/wordpress\/endoskopie-dr-kara\/checkliste\/\",\"name\":\"Checkliste | Dr. Marion Kara | Internistin & Gastroenterologin\",\"isPartOf\":{\"@id\":\"https:\/\/www.drkara.at\/wordpress\/#website\"},\"datePublished\":\"2015-02-05T16:07:02+00:00\",\"dateModified\":\"2025-01-15T08:34:18+00:00\",\"description\":\"Hier finden Sie einige interessante und wichtige Punkte zu den Themen Gastro-\/Coloskopie in Form einer pdf-Checkliste zum Ausdrucken.\",\"breadcrumb\":{\"@id\":\"https:\/\/www.drkara.at\/wordpress\/endoskopie-dr-kara\/checkliste\/#breadcrumb\"},\"inLanguage\":\"de\",\"potentialAction\":[{\"@type\":\"ReadAction\",\"target\":[\"https:\/\/www.drkara.at\/wordpress\/endoskopie-dr-kara\/checkliste\/\"]}]},{\"@type\":\"BreadcrumbList\",\"@id\":\"https:\/\/www.drkara.at\/wordpress\/endoskopie-dr-kara\/checkliste\/#breadcrumb\",\"itemListElement\":[{\"@type\":\"ListItem\",\"position\":1,\"name\":\"Home\",\"item\":\"https:\/\/www.drkara.at\/wordpress\/\"},{\"@type\":\"ListItem\",\"position\":2,\"name\":\"Endoskopie\",\"item\":\"https:\/\/www.drkara.at\/wordpress\/endoskopie-dr-kara\/\"},{\"@type\":\"ListItem\",\"position\":3,\"name\":\"Checkliste\"}]},{\"@type\":\"WebSite\",\"@id\":\"https:\/\/www.drkara.at\/wordpress\/#website\",\"url\":\"https:\/\/www.drkara.at\/wordpress\/\",\"name\":\"Dr. Marion Kara, Fach\u00e4rztin f\u00fcr Innere Medizin &amp; Gastroenterologie\",\"description\":\"Willkommen in meiner Ordination, ich betreue Sie in Fragen zur Inneren Medizin und Gastroenterologie\",\"potentialAction\":[{\"@type\":\"SearchAction\",\"target\":{\"@type\":\"EntryPoint\",\"urlTemplate\":\"https:\/\/www.drkara.at\/wordpress\/?s={search_term_string}\"},\"query-input\":\"required name=search_term_string\"}],\"inLanguage\":\"de\"}]}<\/script>\n<!-- \/ Yoast SEO plugin. -->","yoast_head_json":{"title":"Checkliste | Dr. Marion Kara | Internistin & Gastroenterologin","description":"Hier finden Sie einige interessante und wichtige Punkte zu den Themen Gastro-\/Coloskopie in Form einer pdf-Checkliste zum Ausdrucken.","robots":{"index":"index","follow":"follow","max-snippet":"max-snippet:-1","max-image-preview":"max-image-preview:large","max-video-preview":"max-video-preview:-1"},"canonical":"https:\/\/www.drkara.at\/wordpress\/endoskopie-dr-kara\/checkliste\/","og_locale":"de_DE","og_type":"article","og_title":"Checkliste | Dr. Marion Kara | Internistin & Gastroenterologin","og_description":"Hier finden Sie einige interessante und wichtige Punkte zu den Themen Gastro-\/Coloskopie in Form einer pdf-Checkliste zum Ausdrucken.","og_url":"https:\/\/www.drkara.at\/wordpress\/endoskopie-dr-kara\/checkliste\/","og_site_name":"Dr. Marion Kara, Fach\u00e4rztin f\u00fcr Innere Medizin &amp; Gastroenterologie","article_modified_time":"2025-01-15T08:34:18+00:00","twitter_misc":{"Gesch\u00e4tzte Lesezeit":"1\u00a0Minute"},"schema":{"@context":"https:\/\/schema.org","@graph":[{"@type":"WebPage","@id":"https:\/\/www.drkara.at\/wordpress\/endoskopie-dr-kara\/checkliste\/","url":"https:\/\/www.drkara.at\/wordpress\/endoskopie-dr-kara\/checkliste\/","name":"Checkliste | Dr. Marion Kara | Internistin & Gastroenterologin","isPartOf":{"@id":"https:\/\/www.drkara.at\/wordpress\/#website"},"datePublished":"2015-02-05T16:07:02+00:00","dateModified":"2025-01-15T08:34:18+00:00","description":"Hier finden Sie einige interessante und wichtige Punkte zu den Themen Gastro-\/Coloskopie in Form einer pdf-Checkliste zum Ausdrucken.","breadcrumb":{"@id":"https:\/\/www.drkara.at\/wordpress\/endoskopie-dr-kara\/checkliste\/#breadcrumb"},"inLanguage":"de","potentialAction":[{"@type":"ReadAction","target":["https:\/\/www.drkara.at\/wordpress\/endoskopie-dr-kara\/checkliste\/"]}]},{"@type":"BreadcrumbList","@id":"https:\/\/www.drkara.at\/wordpress\/endoskopie-dr-kara\/checkliste\/#breadcrumb","itemListElement":[{"@type":"ListItem","position":1,"name":"Home","item":"https:\/\/www.drkara.at\/wordpress\/"},{"@type":"ListItem","position":2,"name":"Endoskopie","item":"https:\/\/www.drkara.at\/wordpress\/endoskopie-dr-kara\/"},{"@type":"ListItem","position":3,"name":"Checkliste"}]},{"@type":"WebSite","@id":"https:\/\/www.drkara.at\/wordpress\/#website","url":"https:\/\/www.drkara.at\/wordpress\/","name":"Dr. Marion Kara, Fach\u00e4rztin f\u00fcr Innere Medizin &amp; Gastroenterologie","description":"Willkommen in meiner Ordination, ich betreue Sie in Fragen zur Inneren Medizin und Gastroenterologie","potentialAction":[{"@type":"SearchAction","target":{"@type":"EntryPoint","urlTemplate":"https:\/\/www.drkara.at\/wordpress\/?s={search_term_string}"},"query-input":"required name=search_term_string"}],"inLanguage":"de"}]}},"_links":{"self":[{"href":"https:\/\/www.drkara.at\/wordpress\/wp-json\/wp\/v2\/pages\/39"}],"collection":[{"href":"https:\/\/www.drkara.at\/wordpress\/wp-json\/wp\/v2\/pages"}],"about":[{"href":"https:\/\/www.drkara.at\/wordpress\/wp-json\/wp\/v2\/types\/page"}],"author":[{"embeddable":true,"href":"https:\/\/www.drkara.at\/wordpress\/wp-json\/wp\/v2\/users\/1"}],"replies":[{"embeddable":true,"href":"https:\/\/www.drkara.at\/wordpress\/wp-json\/wp\/v2\/comments?post=39"}],"version-history":[{"count":18,"href":"https:\/\/www.drkara.at\/wordpress\/wp-json\/wp\/v2\/pages\/39\/revisions"}],"predecessor-version":[{"id":948,"href":"https:\/\/www.drkara.at\/wordpress\/wp-json\/wp\/v2\/pages\/39\/revisions\/948"}],"up":[{"embeddable":true,"href":"https:\/\/www.drkara.at\/wordpress\/wp-json\/wp\/v2\/pages\/13"}],"wp:attachment":[{"href":"https:\/\/www.drkara.at\/wordpress\/wp-json\/wp\/v2\/media?parent=39"}],"curies":[{"name":"wp","href":"https:\/\/api.w.org\/{rel}","templated":true}]}}