{"id":52,"date":"2015-02-05T16:14:20","date_gmt":"2015-02-05T16:14:20","guid":{"rendered":"http:\/\/www.drkara.at\/?page_id=52"},"modified":"2026-04-07T08:34:50","modified_gmt":"2026-04-07T08:34:50","slug":"home","status":"publish","type":"page","link":"https:\/\/www.drkara.at\/wordpress\/","title":{"rendered":"Dr. Marion Kara, Fach\u00e4rztin f\u00fcr Innere Medizin und Gastroenterologie"},"content":{"rendered":"<p>&nbsp;<\/p>\r\n<h3><strong>Derzeit k\u00f6nnen wir aus Kapazit\u00e4tsgr\u00fcnden leider keine neuen Patient*innen aufnehmen. Wir bitten um Ihr Verst\u00e4ndnis.<\/strong><\/h3>\r\n<p>&nbsp;<\/p>\r\n<p>&nbsp;<\/p>\r\n<p><strong>Meine Schwerpunkte sind:<\/strong><\/p>\r\n<!-- \/wp:paragraph -->\r\n\r\n<!-- wp:list -->\r\n<ul>\r\n<li>\r\n<p>Gastroskopie (Magenspiegelung) und Coloskopie (Darmspiegelung) mittels modernster Technik und Sedierung\/Kurznarkose<\/p>\r\n<\/li>\r\n<\/ul>\r\n<!-- \/wp:list -->\r\n\r\n<!-- wp:paragraph -->\r\n<p>Verwendung von CO2 statt Raumluft. Somit k\u00f6nnen Beschwerden nach der Untersuchung wie Bauchschmerzen oder Bl\u00e4hungen deutlich reduziert werden.<\/p>\r\n<!-- \/wp:paragraph -->\r\n\r\n<!-- wp:list -->\r\n<ul>\r\n<li>\r\n<p>Vorsorgecoloskopien ab dem 45. Lebensjahr (alle 10 Jahre volle Kosten\u00fcbernahme durch die Krankenkassen)<\/p>\r\n<\/li>\r\n<li>\r\n<p>Diagnostik und Therapie von Erkrankungen der Leber und des Magen-, Darmtraktes<\/p>\r\n<\/li>\r\n<li>\r\n<p>Modernste Diagnostik und umfassende Betreuung von Patienten\/-innen mit chronisch entz\u00fcndlichen Darmerkrankungen, Reizdarmsyndrom oder Nahrungsmittelunvertr\u00e4glichkeiten inkl. diagnostischem Atemtest<\/p>\r\n<\/li>\r\n<li>\r\n<p>Internistische OP-Freigaben<\/p>\r\n<\/li>\r\n<li>\r\n<p>Abkl\u00e4rung und Betreuung bei Eisenmangel, Eiseninfusionen<\/p>\r\n<\/li>\r\n<\/ul>\r\n<!-- \/wp:list -->\r\n\r\n<!-- wp:separator --><hr class=\"wp-block-separator\" \/><!-- \/wp:separator -->\r\n\r\n<!-- wp:heading {\"level\":5} -->\r\n<h5><strong>Schlossbergstrasse 10<\/strong><\/h5>\r\n<!-- \/wp:heading -->\r\n\r\n<!-- wp:heading {\"level\":5} -->\r\n<h5><strong>A- 2114 Gro\u00dfru\u00dfbach<\/strong><\/h5>\r\n<!-- \/wp:heading -->\r\n\r\n<!-- wp:heading {\"level\":5} -->\r\n<h5><strong>(Eingang und Parkm\u00f6glichkeit im Hof)<\/strong><\/h5>\r\n<!-- \/wp:heading -->\r\n\r\n<!-- wp:heading {\"level\":5} -->\r\n<h5><span style=\"text-decoration: underline;\">Ordinationszeiten: <\/span><\/h5>\r\n<!-- \/wp:heading -->\r\n\r\n<!-- wp:heading {\"level\":5} -->\r\n<h5><span style=\"color: #339966;\">MO-DO nach telefonischer Vereinbarung<\/span><\/h5>\r\n<!-- \/wp:heading -->\r\n\r\n<!-- wp:paragraph -->\r\n<p>&nbsp;<\/p>\r\n<!-- \/wp:paragraph -->\r\n\r\n<!-- wp:heading {\"level\":5} -->\r\n<h5>Terminvereinbarung unter 02263\/ 219 85<\/h5>\r\n<!-- \/wp:heading -->\r\n\r\n<!-- wp:heading {\"level\":5} -->\r\n<h5><span style=\"color: #339966;\">MO,MI,DO 08.00 &#8211; 12.00 \u00a0 \u00a0 \u00a0 \u00a0 \u00a0 \u00a0 \u00a0 \u00a0 \u00a0 \u00a0 \u00a0DI 12.00-16.00<\/span><\/h5>\r\n<!-- \/wp:heading -->\r\n\r\n<!-- wp:heading {\"level\":5} -->\r\n<h5>Bankomatzahlung m\u00f6glich<\/h5>\r\n<!-- \/wp:heading -->\r\n\r\n<!-- wp:paragraph -->\r\n<p><strong>e-mail: ordination@drkara.at<\/strong><\/p>\r\n<!-- \/wp:paragraph -->\r\n\r\n<!-- wp:paragraph -->\r\n<p>&nbsp;<\/p>\r\n<!-- \/wp:paragraph -->","protected":false},"excerpt":{"rendered":"<p>&nbsp; Derzeit k\u00f6nnen wir aus Kapazit\u00e4tsgr\u00fcnden leider keine neuen Patient*innen aufnehmen. Wir bitten um Ihr Verst\u00e4ndnis. &nbsp; &nbsp; Meine Schwerpunkte sind: Gastroskopie (Magenspiegelung) und Coloskopie (Darmspiegelung) mittels modernster Technik und Sedierung\/Kurznarkose Verwendung von CO2 statt Raumluft. Somit k\u00f6nnen Beschwerden nach &hellip; <a href=\"https:\/\/www.drkara.at\/wordpress\/\">Weiter<\/a><\/p>\n","protected":false},"author":1,"featured_media":0,"parent":0,"menu_order":1,"comment_status":"closed","ping_status":"closed","template":"","meta":{"footnotes":""},"class_list":["post-52","page","type-page","status-publish","hentry"],"yoast_head":"<!-- This site is optimized with the Yoast SEO plugin v23.0 - https:\/\/yoast.com\/wordpress\/plugins\/seo\/ -->\n<title>Dr. Marion Kara | Internistin &amp; Gastroenterologin<\/title>\n<meta name=\"description\" content=\"Dr. Marion Kara, Fach\u00e4rztin f\u00fcr Innere Medizin &amp; Gastroenterologie. Gastroskopien, Coloskopien, Modernste Diagnostik, Ganzheitliche internistische Betreuung\" \/>\n<meta name=\"robots\" content=\"index, follow, max-snippet:-1, max-image-preview:large, max-video-preview:-1\" \/>\n<link rel=\"canonical\" href=\"https:\/\/www.drkara.at\/wordpress\/\" \/>\n<meta property=\"og:locale\" content=\"de_DE\" \/>\n<meta property=\"og:type\" content=\"article\" \/>\n<meta property=\"og:title\" content=\"Dr. Marion Kara | Internistin &amp; Gastroenterologin\" \/>\n<meta property=\"og:description\" content=\"Dr. Marion Kara, Fach\u00e4rztin f\u00fcr Innere Medizin &amp; Gastroenterologie. Gastroskopien, Coloskopien, Modernste Diagnostik, Ganzheitliche internistische Betreuung\" \/>\n<meta property=\"og:url\" content=\"https:\/\/www.drkara.at\/wordpress\/\" \/>\n<meta property=\"og:site_name\" content=\"Dr. Marion Kara, Fach\u00e4rztin f\u00fcr Innere Medizin &amp; Gastroenterologie\" \/>\n<meta property=\"article:modified_time\" content=\"2026-04-07T08:34:50+00:00\" \/>\n<meta name=\"twitter:label1\" content=\"Gesch\u00e4tzte Lesezeit\" \/>\n\t<meta name=\"twitter:data1\" content=\"1\u00a0Minute\" \/>\n<script type=\"application\/ld+json\" class=\"yoast-schema-graph\">{\"@context\":\"https:\/\/schema.org\",\"@graph\":[{\"@type\":\"WebPage\",\"@id\":\"https:\/\/www.drkara.at\/wordpress\/\",\"url\":\"https:\/\/www.drkara.at\/wordpress\/\",\"name\":\"Dr. Marion Kara | Internistin & Gastroenterologin\",\"isPartOf\":{\"@id\":\"https:\/\/www.drkara.at\/wordpress\/#website\"},\"datePublished\":\"2015-02-05T16:14:20+00:00\",\"dateModified\":\"2026-04-07T08:34:50+00:00\",\"description\":\"Dr. Marion Kara, Fach\u00e4rztin f\u00fcr Innere Medizin & Gastroenterologie. Gastroskopien, Coloskopien, Modernste Diagnostik, Ganzheitliche internistische Betreuung\",\"breadcrumb\":{\"@id\":\"https:\/\/www.drkara.at\/wordpress\/#breadcrumb\"},\"inLanguage\":\"de\",\"potentialAction\":[{\"@type\":\"ReadAction\",\"target\":[\"https:\/\/www.drkara.at\/wordpress\/\"]}]},{\"@type\":\"BreadcrumbList\",\"@id\":\"https:\/\/www.drkara.at\/wordpress\/#breadcrumb\",\"itemListElement\":[{\"@type\":\"ListItem\",\"position\":1,\"name\":\"Home\",\"item\":\"https:\/\/www.drkara.at\/wordpress\/\"},{\"@type\":\"ListItem\",\"position\":2,\"name\":\"Dr. Marion Kara, Fach\u00e4rztin f\u00fcr Innere Medizin und Gastroenterologie\"}]},{\"@type\":\"WebSite\",\"@id\":\"https:\/\/www.drkara.at\/wordpress\/#website\",\"url\":\"https:\/\/www.drkara.at\/wordpress\/\",\"name\":\"Dr. Marion Kara, Fach\u00e4rztin f\u00fcr Innere Medizin &amp; Gastroenterologie\",\"description\":\"Willkommen in meiner Ordination, ich betreue Sie in Fragen zur Inneren Medizin und Gastroenterologie\",\"potentialAction\":[{\"@type\":\"SearchAction\",\"target\":{\"@type\":\"EntryPoint\",\"urlTemplate\":\"https:\/\/www.drkara.at\/wordpress\/?s={search_term_string}\"},\"query-input\":\"required name=search_term_string\"}],\"inLanguage\":\"de\"}]}<\/script>\n<!-- \/ Yoast SEO plugin. -->","yoast_head_json":{"title":"Dr. Marion Kara | Internistin & Gastroenterologin","description":"Dr. Marion Kara, Fach\u00e4rztin f\u00fcr Innere Medizin & Gastroenterologie. Gastroskopien, Coloskopien, Modernste Diagnostik, Ganzheitliche internistische Betreuung","robots":{"index":"index","follow":"follow","max-snippet":"max-snippet:-1","max-image-preview":"max-image-preview:large","max-video-preview":"max-video-preview:-1"},"canonical":"https:\/\/www.drkara.at\/wordpress\/","og_locale":"de_DE","og_type":"article","og_title":"Dr. Marion Kara | Internistin & Gastroenterologin","og_description":"Dr. Marion Kara, Fach\u00e4rztin f\u00fcr Innere Medizin & Gastroenterologie. Gastroskopien, Coloskopien, Modernste Diagnostik, Ganzheitliche internistische Betreuung","og_url":"https:\/\/www.drkara.at\/wordpress\/","og_site_name":"Dr. Marion Kara, Fach\u00e4rztin f\u00fcr Innere Medizin &amp; Gastroenterologie","article_modified_time":"2026-04-07T08:34:50+00:00","twitter_misc":{"Gesch\u00e4tzte Lesezeit":"1\u00a0Minute"},"schema":{"@context":"https:\/\/schema.org","@graph":[{"@type":"WebPage","@id":"https:\/\/www.drkara.at\/wordpress\/","url":"https:\/\/www.drkara.at\/wordpress\/","name":"Dr. Marion Kara | Internistin & Gastroenterologin","isPartOf":{"@id":"https:\/\/www.drkara.at\/wordpress\/#website"},"datePublished":"2015-02-05T16:14:20+00:00","dateModified":"2026-04-07T08:34:50+00:00","description":"Dr. Marion Kara, Fach\u00e4rztin f\u00fcr Innere Medizin & Gastroenterologie. Gastroskopien, Coloskopien, Modernste Diagnostik, Ganzheitliche internistische Betreuung","breadcrumb":{"@id":"https:\/\/www.drkara.at\/wordpress\/#breadcrumb"},"inLanguage":"de","potentialAction":[{"@type":"ReadAction","target":["https:\/\/www.drkara.at\/wordpress\/"]}]},{"@type":"BreadcrumbList","@id":"https:\/\/www.drkara.at\/wordpress\/#breadcrumb","itemListElement":[{"@type":"ListItem","position":1,"name":"Home","item":"https:\/\/www.drkara.at\/wordpress\/"},{"@type":"ListItem","position":2,"name":"Dr. Marion Kara, Fach\u00e4rztin f\u00fcr Innere Medizin und Gastroenterologie"}]},{"@type":"WebSite","@id":"https:\/\/www.drkara.at\/wordpress\/#website","url":"https:\/\/www.drkara.at\/wordpress\/","name":"Dr. Marion Kara, Fach\u00e4rztin f\u00fcr Innere Medizin &amp; Gastroenterologie","description":"Willkommen in meiner Ordination, ich betreue Sie in Fragen zur Inneren Medizin und Gastroenterologie","potentialAction":[{"@type":"SearchAction","target":{"@type":"EntryPoint","urlTemplate":"https:\/\/www.drkara.at\/wordpress\/?s={search_term_string}"},"query-input":"required name=search_term_string"}],"inLanguage":"de"}]}},"_links":{"self":[{"href":"https:\/\/www.drkara.at\/wordpress\/wp-json\/wp\/v2\/pages\/52"}],"collection":[{"href":"https:\/\/www.drkara.at\/wordpress\/wp-json\/wp\/v2\/pages"}],"about":[{"href":"https:\/\/www.drkara.at\/wordpress\/wp-json\/wp\/v2\/types\/page"}],"author":[{"embeddable":true,"href":"https:\/\/www.drkara.at\/wordpress\/wp-json\/wp\/v2\/users\/1"}],"replies":[{"embeddable":true,"href":"https:\/\/www.drkara.at\/wordpress\/wp-json\/wp\/v2\/comments?post=52"}],"version-history":[{"count":186,"href":"https:\/\/www.drkara.at\/wordpress\/wp-json\/wp\/v2\/pages\/52\/revisions"}],"predecessor-version":[{"id":983,"href":"https:\/\/www.drkara.at\/wordpress\/wp-json\/wp\/v2\/pages\/52\/revisions\/983"}],"wp:attachment":[{"href":"https:\/\/www.drkara.at\/wordpress\/wp-json\/wp\/v2\/media?parent=52"}],"curies":[{"name":"wp","href":"https:\/\/api.w.org\/{rel}","templated":true}]}}