{"id":684,"date":"2018-05-24T14:41:59","date_gmt":"2018-05-24T14:41:59","guid":{"rendered":"http:\/\/www.drkara.at\/wordpress\/?page_id=684"},"modified":"2022-04-26T18:53:16","modified_gmt":"2022-04-26T18:53:16","slug":"datenschutzinformationen","status":"publish","type":"page","link":"https:\/\/www.drkara.at\/wordpress\/datenschutzinformationen\/","title":{"rendered":"Datenschutzinformationen"},"content":{"rendered":"<p>Verantwortlicher im Sinne des Datenschutzrechtes ist:<\/p>\n<p>Dr. Marion Kara<br \/>\nFach\u00e4rztin f\u00fcr Innere Medizin und Gastroenterologie<\/p>\n<p>Ordination Schlossbergstrasse 10, 2114 Gro\u00dfru\u00dfbach<\/p>\n<p><strong>1. Einf\u00fchrung<\/strong><\/p>\n<p>Ihre Daten sind bei uns in sicheren H\u00e4nden! Ich bin dazu verpflichtet, Ihre Daten zu sch\u00fctzen und nehmen diesen Auftrag auch ernst. Diese Datenschutzinformation beschreibt, warum und wie Daten erhoben und in welcher Form sie verarbeiten werden, wenn Sie unsere Webseite besuchen.<\/p>\n<p><strong>2. Was sind personenbezogene Daten?<\/strong><\/p>\n<p>Personenbezogene Daten im Sinne der DSGVO sind Informationen, die sich auf Personen beziehen, deren Identit\u00e4t identifizierbar ist (z.B. Name, Kontaktdaten, E-Mail-Adresse, IP-Adresse).<\/p>\n<p><strong>3. Wie werden Ihre personenbezogenen Daten von uns verarbeitet?<\/strong><\/p>\n<p>Ich verarbeite Ihre personenbezogenen Daten<\/p>\n<ul>\n<li>zur Wahrung unserer berechtigten Interessen (Art 6 Abs 1 lit f DSGVO), n\u00e4mlich der Sicherstellung des Betriebs, der Sicherheit und der Optimierung unserer Webseite, oder<\/li>\n<li>weil Sie sich als Abonnent f\u00fcr unseren Newsletter angemeldet haben (Art 6 Abs 1 lit a DSGVO) oder<\/li>\n<li>zur Bearbeitung Ihrer Anfragen, die Sie \u00fcber das Kontaktformular oder sonstige Anfrageformulare auf unserer Webseite, per E-Mail oder telefonisch an uns stellen (Art 6 Abs 1 lit a DSGVO).<\/li>\n<\/ul>\n<p>Es wird eine SSL-Verschl\u00fcsselung verwendet, um Ihre Daten sicher \u00fcbermitteln zu k\u00f6nnen. Die Webseite und Mailserver ist beim \u00f6sterreichischen Hoster \u201cWorld4You\u201d gehostet. Die Verarbeitung erfolgt im Einklang mit den aktuell g\u00fcltigen Datenschutzbestimmungen.<\/p>\n<p>Haupts\u00e4chlich um die Aktivit\u00e4ten zu messen, werden auf diesen Websites Cookies eingesetzt. Cookies k\u00f6nnen dazu beitragen, das Angebot auf einer Webseite besser auf die Interessen der Besucher abzustimmen oder auf Basis statistischer Auswertungen besser auf unsere Zielgruppe reagieren zu k\u00f6nnen.<\/p>\n<p>Weiters k\u00f6nnen Sie selbst bestimmen, ob der von Ihnen verwendete Browser Cookies erlaubt oder nicht. Das Deaktivieren von Cookies kann allerdings zur Funktionsbeintr\u00e4chtigung vieler Websites f\u00fchren.<\/p>\n<p>Folgende Cookies k\u00f6nnen von unserer Webseite gesetzt werden:<\/p>\n<ul>\n<li>PHPSESSID: dies dient zur Identifizierung eines Besuchers und wird nach der Sitzung wieder entfernt.<\/li>\n<li>_utmt, _utma, _utmb, _utmc, _utmz, PREF, NID: diese Cookies werden von Google gesetzt, um Nutzer und deren Sitzungen zu identifizieren, und Nutzungsstatistiken zu sammeln.<\/li>\n<\/ul>\n<p>Diese Website benutzt Google Analytics, einen Webanalysedienst der Google Inc. (\u201eGoogle\u201c). Google Analytics verwendet sog. \u201eCookies\u201c, Textdateien, die auf Ihrem Computer gespeichert werden und die eine Analyse der Benutzung der Website durch Sie erm\u00f6glichen. Die durch den Cookie erzeugten Informationen \u00fcber Ihre Benutzung dieser Website werden in der Regel an einen Server von Google in den USA \u00fcbertragen und dort gespeichert.<\/p>\n<p>Die IP-Anonymisierung ist auf dieser Webseite aktiviert, d.h. Ihre IP-Adresse wird von Google jedoch innerhalb von Mitgliedstaaten der Europ\u00e4ischen Union oder in anderen Vertragsstaaten des Abkommens \u00fcber den Europ\u00e4ischen Wirtschaftsraum zuvor gek\u00fcrzt. Nur in Ausnahmef\u00e4llen wird die volle IP-Adresse an einen Server von Google in den USA \u00fcbertragen und dort gek\u00fcrzt. Im Auftrag des Betreibers dieser Website wird Google diese Informationen benutzen, um Ihre Nutzung der Website auszuwerten, um Reports \u00fcber die Websiteaktivit\u00e4ten zusammenzustellen und um weitere mit der Websitenutzung und der Internetnutzung verbundene Dienstleistungen gegen\u00fcber dem Websitebetreiber zu erbringen.<\/p>\n<p>Sie k\u00f6nnen die Speicherung der Cookies durch eine entsprechende Einstellung Ihrer Browser-Software verhindern; wir weisen Sie jedoch darauf hin, dass Sie in diesem Fall gegebenenfalls nicht s\u00e4mtliche Funktionen dieser Website vollumf\u00e4nglich werden nutzen k\u00f6nnen. Sie k\u00f6nnen dar\u00fcber hinaus die Erfassung der durch das Cookie erzeugten und auf Ihre Nutzung der Website bezogenen Daten an Google sowie die Verarbeitung dieser Daten durch Google verhindern, indem sie das unter dem folgenden Link verf\u00fcgbare Browser-Plugin herunterladen und installieren: http:\/\/tools.google.com\/dlpage\/gaoptout?hl=de.<\/p>\n<p>Sofern Sie sich \u00fcber unsere Webseite f\u00fcr unseren Newsletter anmelden, verarbeiten wir Ihren Vornamen, Nachnamen, Ihre E-Mail-Adresse, den Zeitpunkt der Anmeldung sowie Ihre IP-Adresse. Weiters speichern wir, welche Newsletter wir Ihnen gesandt haben, ob und wann Sie diese ge\u00f6ffnet oder geblockt oder als Spam markiert haben, ob diese vor\u00fcbergehend oder permanent nicht zugestellt werden konnten, ob Sie sich vom Newsletter an- oder abmelden und welche sowie wie viele Links Sie in den Newslettern anklicken. Die Verarbeitung dieser Daten ist von der Einwilligung bei der Anmeldung zu unserem Newsletter umfasst. Wenn Sie diese Informationen nicht bereitstellen m\u00f6chten, bitten wir Sie, sich nicht f\u00fcr den Newsletter anzumelden.<\/p>\n<p>Um die oben angef\u00fchrten Zwecke zu erreichen, kann es fallweise notwendig sein, dass wir Ihre Daten den folgenden Empf\u00e4ngern offen legen. Diese Offenlegung kann erfolgen durch \u00dcbermittlung, Verbreitung oder eine andere Form der Bereitstellung.<\/p>\n<p>Empf\u00e4nger &#8211; Gesch\u00e4ftssitz<br \/>\nWorld4You Internet Services GmbH (Webseite-Hosting) &#8211; \u00d6sterreich<br \/>\nRechnerherz e.U. (Wartung der Webseite, Organisation des Newsletters, sofern Sie daf\u00fcr angemeldet sind) &#8211; \u00d6sterreich<\/p>\n<p><strong>4. Wie lange bleiben Ihre Daten gespeichert?<\/strong><\/p>\n<p>Ich werden Ihre Daten nur solange speichern, wie es f\u00fcr jene Zwecke erforderlich ist, f\u00fcr die wir Ihre Daten erhoben haben:<\/p>\n<ul>\n<li>Die Webseite-Zugrifssdaten unterliegen den Speicherfristen unseres Hosters<\/li>\n<\/ul>\n<p><strong>5. Welche Rechte stehen Ihnen hinsichtlich der Datenverarbeitung zu?<\/strong><\/p>\n<p>Wir m\u00f6chten Sie weiters dar\u00fcber informieren, dass Sie jederzeit das Recht haben, Auskunft dar\u00fcber zu verlangen, welche Daten von Ihnen bei uns verarbeitet werden (siehe im Detail Art 15 DSGVO), das Recht haben, Ihre Daten berichtigen oder l\u00f6schen zu lassen (siehe im Detail Art 16 DSGVO), das Recht haben, die Verarbeitung Ihrer Daten einzuschr\u00e4nken (siehe im Detail Art 18 DSGVO), das Recht haben, der Datenverarbeitung zu widersprechen (siehe im Detail Art 21 DSGVO), das Recht auf Daten\u00fcbertragbarkeit geltend machen k\u00f6nnen (siehe im Detail Art 20 DSGVO).<\/p>\n<p>Sofern wir Ihre Daten auf Basis Ihrer Einwilligung verarbeiten, haben Sie das Recht, diese Einwilligung jederzeit per Email an ordination@drkara.at oder postalisch an Dr. Marion Kara &#8211; Schlossbergstrasse 10, 2114 Gro\u00dfru\u00dfbach zu widerrufen. Dadurch wird die Rechtm\u00e4\u00dfigkeit der bis zu diesem Zeitpunkt erfolgten Datenverarbeitung nicht beeintr\u00e4chtigt (Art 7 Abs 3 DSGVO).<\/p>\n<p>Sollte es, trotz unserer Verpflichtung Ihre Daten rechtm\u00e4\u00dfig zu verarbeiten, wider Erwarten zu einer Verletzung Ihres Rechtes auf rechtm\u00e4\u00dfige Verarbeitung Ihrer Daten kommen, setzen Sie bitte mit uns postalisch oder per E-Mail in Verbindung (Kontaktdaten siehe unten), damit wir \u00fcber Ihre Bedenken erfahren und diese behandeln k\u00f6nnen. Sie haben aber auch das Recht, eine Beschwerde bei der \u00d6sterreichischen Datenschutzbeh\u00f6rde oder bei einer anderen Datenschutz-Aufsichtsbeh\u00f6rde in der EU, insbesondere an Ihrem Aufenthalts- oder Arbeitsort, zu erheben.<\/p>\n<p>Sollten Sie weitere Fragen zur Verarbeitung Ihrer Daten haben, k\u00f6nnen Sie sich gerne direkt an uns per Email an ordination@drkara.at oder postalisch an Dr. Marion Kara &#8211; Schlossbergstrasse 10, 2114 Gro\u00dfru\u00dfbach<\/p>\n<p>\u00c4nderung dieser Datenschutzbestimmungen<\/p>\n<p>Ich behalte mir das Recht vor, die Sicherheits- und Datenschutzma\u00dfnahmen zu ver\u00e4ndern, soweit dies wegen der technischen Entwicklung erforderlich wird. In diesen F\u00e4llen werden wir auch unsere Hinweise zum Datenschutz entsprechend anpassen und Sie von den ge\u00e4nderten Bedingungen informieren.<\/p>\n<p><strong>6. Kontaktdaten<\/strong><\/p>\n<p>Dr. Marion Kara<br \/>\nFach\u00e4rztin f\u00fcr Innere Medizin und Gastroenterologie<\/p>\n<p>Ordination. Schlossbergstrasse 10, 2114 Gro\u00dfru\u00dfbach<\/p>\n<p>ordination@drkara.at<\/p>\n","protected":false},"excerpt":{"rendered":"<p>Verantwortlicher im Sinne des Datenschutzrechtes ist: Dr. Marion Kara Fach\u00e4rztin f\u00fcr Innere Medizin und Gastroenterologie Ordination Schlossbergstrasse 10, 2114 Gro\u00dfru\u00dfbach 1. Einf\u00fchrung Ihre Daten sind bei uns in sicheren H\u00e4nden! Ich bin dazu verpflichtet, Ihre Daten zu sch\u00fctzen und nehmen &hellip; <a href=\"https:\/\/www.drkara.at\/wordpress\/datenschutzinformationen\/\">Weiter<\/a><\/p>\n","protected":false},"author":2,"featured_media":0,"parent":0,"menu_order":0,"comment_status":"closed","ping_status":"closed","template":"","meta":{"footnotes":""},"class_list":["post-684","page","type-page","status-publish","hentry"],"yoast_head":"<!-- This site is optimized with the Yoast SEO plugin v23.0 - https:\/\/yoast.com\/wordpress\/plugins\/seo\/ -->\n<title>Datenschutzinformationen - Dr. Marion Kara, Fach\u00e4rztin f\u00fcr Innere Medizin &amp; Gastroenterologie<\/title>\n<meta name=\"robots\" content=\"index, follow, max-snippet:-1, max-image-preview:large, max-video-preview:-1\" \/>\n<link rel=\"canonical\" href=\"https:\/\/www.drkara.at\/wordpress\/datenschutzinformationen\/\" \/>\n<meta property=\"og:locale\" content=\"de_DE\" \/>\n<meta property=\"og:type\" content=\"article\" \/>\n<meta property=\"og:title\" content=\"Datenschutzinformationen - Dr. Marion Kara, Fach\u00e4rztin f\u00fcr Innere Medizin &amp; Gastroenterologie\" \/>\n<meta property=\"og:description\" content=\"Verantwortlicher im Sinne des Datenschutzrechtes ist: Dr. Marion Kara Fach\u00e4rztin f\u00fcr Innere Medizin und Gastroenterologie Ordination Schlossbergstrasse 10, 2114 Gro\u00dfru\u00dfbach 1. Einf\u00fchrung Ihre Daten sind bei uns in sicheren H\u00e4nden! Ich bin dazu verpflichtet, Ihre Daten zu sch\u00fctzen und nehmen &hellip; Weiter\" \/>\n<meta property=\"og:url\" content=\"https:\/\/www.drkara.at\/wordpress\/datenschutzinformationen\/\" \/>\n<meta property=\"og:site_name\" content=\"Dr. Marion Kara, Fach\u00e4rztin f\u00fcr Innere Medizin &amp; Gastroenterologie\" \/>\n<meta property=\"article:modified_time\" content=\"2022-04-26T18:53:16+00:00\" \/>\n<meta name=\"twitter:label1\" content=\"Gesch\u00e4tzte Lesezeit\" \/>\n\t<meta name=\"twitter:data1\" content=\"6\u00a0Minuten\" \/>\n<script type=\"application\/ld+json\" class=\"yoast-schema-graph\">{\"@context\":\"https:\/\/schema.org\",\"@graph\":[{\"@type\":\"WebPage\",\"@id\":\"https:\/\/www.drkara.at\/wordpress\/datenschutzinformationen\/\",\"url\":\"https:\/\/www.drkara.at\/wordpress\/datenschutzinformationen\/\",\"name\":\"Datenschutzinformationen - Dr. Marion Kara, Fach\u00e4rztin f\u00fcr Innere Medizin &amp; Gastroenterologie\",\"isPartOf\":{\"@id\":\"https:\/\/www.drkara.at\/wordpress\/#website\"},\"datePublished\":\"2018-05-24T14:41:59+00:00\",\"dateModified\":\"2022-04-26T18:53:16+00:00\",\"breadcrumb\":{\"@id\":\"https:\/\/www.drkara.at\/wordpress\/datenschutzinformationen\/#breadcrumb\"},\"inLanguage\":\"de\",\"potentialAction\":[{\"@type\":\"ReadAction\",\"target\":[\"https:\/\/www.drkara.at\/wordpress\/datenschutzinformationen\/\"]}]},{\"@type\":\"BreadcrumbList\",\"@id\":\"https:\/\/www.drkara.at\/wordpress\/datenschutzinformationen\/#breadcrumb\",\"itemListElement\":[{\"@type\":\"ListItem\",\"position\":1,\"name\":\"Home\",\"item\":\"https:\/\/www.drkara.at\/wordpress\/\"},{\"@type\":\"ListItem\",\"position\":2,\"name\":\"Datenschutzinformationen\"}]},{\"@type\":\"WebSite\",\"@id\":\"https:\/\/www.drkara.at\/wordpress\/#website\",\"url\":\"https:\/\/www.drkara.at\/wordpress\/\",\"name\":\"Dr. Marion Kara, Fach\u00e4rztin f\u00fcr Innere Medizin &amp; Gastroenterologie\",\"description\":\"Willkommen in meiner Ordination, ich betreue Sie in Fragen zur Inneren Medizin und Gastroenterologie\",\"potentialAction\":[{\"@type\":\"SearchAction\",\"target\":{\"@type\":\"EntryPoint\",\"urlTemplate\":\"https:\/\/www.drkara.at\/wordpress\/?s={search_term_string}\"},\"query-input\":\"required name=search_term_string\"}],\"inLanguage\":\"de\"}]}<\/script>\n<!-- \/ Yoast SEO plugin. -->","yoast_head_json":{"title":"Datenschutzinformationen - Dr. Marion Kara, Fach\u00e4rztin f\u00fcr Innere Medizin &amp; Gastroenterologie","robots":{"index":"index","follow":"follow","max-snippet":"max-snippet:-1","max-image-preview":"max-image-preview:large","max-video-preview":"max-video-preview:-1"},"canonical":"https:\/\/www.drkara.at\/wordpress\/datenschutzinformationen\/","og_locale":"de_DE","og_type":"article","og_title":"Datenschutzinformationen - Dr. Marion Kara, Fach\u00e4rztin f\u00fcr Innere Medizin &amp; Gastroenterologie","og_description":"Verantwortlicher im Sinne des Datenschutzrechtes ist: Dr. Marion Kara Fach\u00e4rztin f\u00fcr Innere Medizin und Gastroenterologie Ordination Schlossbergstrasse 10, 2114 Gro\u00dfru\u00dfbach 1. Einf\u00fchrung Ihre Daten sind bei uns in sicheren H\u00e4nden! Ich bin dazu verpflichtet, Ihre Daten zu sch\u00fctzen und nehmen &hellip; Weiter","og_url":"https:\/\/www.drkara.at\/wordpress\/datenschutzinformationen\/","og_site_name":"Dr. Marion Kara, Fach\u00e4rztin f\u00fcr Innere Medizin &amp; Gastroenterologie","article_modified_time":"2022-04-26T18:53:16+00:00","twitter_misc":{"Gesch\u00e4tzte Lesezeit":"6\u00a0Minuten"},"schema":{"@context":"https:\/\/schema.org","@graph":[{"@type":"WebPage","@id":"https:\/\/www.drkara.at\/wordpress\/datenschutzinformationen\/","url":"https:\/\/www.drkara.at\/wordpress\/datenschutzinformationen\/","name":"Datenschutzinformationen - Dr. Marion Kara, Fach\u00e4rztin f\u00fcr Innere Medizin &amp; Gastroenterologie","isPartOf":{"@id":"https:\/\/www.drkara.at\/wordpress\/#website"},"datePublished":"2018-05-24T14:41:59+00:00","dateModified":"2022-04-26T18:53:16+00:00","breadcrumb":{"@id":"https:\/\/www.drkara.at\/wordpress\/datenschutzinformationen\/#breadcrumb"},"inLanguage":"de","potentialAction":[{"@type":"ReadAction","target":["https:\/\/www.drkara.at\/wordpress\/datenschutzinformationen\/"]}]},{"@type":"BreadcrumbList","@id":"https:\/\/www.drkara.at\/wordpress\/datenschutzinformationen\/#breadcrumb","itemListElement":[{"@type":"ListItem","position":1,"name":"Home","item":"https:\/\/www.drkara.at\/wordpress\/"},{"@type":"ListItem","position":2,"name":"Datenschutzinformationen"}]},{"@type":"WebSite","@id":"https:\/\/www.drkara.at\/wordpress\/#website","url":"https:\/\/www.drkara.at\/wordpress\/","name":"Dr. Marion Kara, Fach\u00e4rztin f\u00fcr Innere Medizin &amp; Gastroenterologie","description":"Willkommen in meiner Ordination, ich betreue Sie in Fragen zur Inneren Medizin und Gastroenterologie","potentialAction":[{"@type":"SearchAction","target":{"@type":"EntryPoint","urlTemplate":"https:\/\/www.drkara.at\/wordpress\/?s={search_term_string}"},"query-input":"required name=search_term_string"}],"inLanguage":"de"}]}},"_links":{"self":[{"href":"https:\/\/www.drkara.at\/wordpress\/wp-json\/wp\/v2\/pages\/684"}],"collection":[{"href":"https:\/\/www.drkara.at\/wordpress\/wp-json\/wp\/v2\/pages"}],"about":[{"href":"https:\/\/www.drkara.at\/wordpress\/wp-json\/wp\/v2\/types\/page"}],"author":[{"embeddable":true,"href":"https:\/\/www.drkara.at\/wordpress\/wp-json\/wp\/v2\/users\/2"}],"replies":[{"embeddable":true,"href":"https:\/\/www.drkara.at\/wordpress\/wp-json\/wp\/v2\/comments?post=684"}],"version-history":[{"count":8,"href":"https:\/\/www.drkara.at\/wordpress\/wp-json\/wp\/v2\/pages\/684\/revisions"}],"predecessor-version":[{"id":839,"href":"https:\/\/www.drkara.at\/wordpress\/wp-json\/wp\/v2\/pages\/684\/revisions\/839"}],"wp:attachment":[{"href":"https:\/\/www.drkara.at\/wordpress\/wp-json\/wp\/v2\/media?parent=684"}],"curies":[{"name":"wp","href":"https:\/\/api.w.org\/{rel}","templated":true}]}}