{"id":906,"date":"2024-06-06T09:09:26","date_gmt":"2024-06-06T09:09:26","guid":{"rendered":"https:\/\/www.drkara.at\/wordpress\/?page_id=906"},"modified":"2024-06-06T11:35:40","modified_gmt":"2024-06-06T11:35:40","slug":"einwilligungsbogen-gastroskopie","status":"publish","type":"page","link":"https:\/\/www.drkara.at\/wordpress\/endoskopie-dr-kara\/einwilligungsbogen-gastroskopie\/","title":{"rendered":"Einwilligungsbogen Gastroskopie"},"content":{"rendered":"<p><a title=\"Sedierung\" href=\"http:\/\/www.drkara.at\/wordpress\/?page_id=31\">Sedierung<\/a>\u00a0| <a title=\"Vorsorge\" href=\"http:\/\/www.drkara.at\/wordpress\/?page_id=33\">Vorsorge<\/a>\u00a0| <a title=\"Gastroskopie\" href=\"http:\/\/www.drkara.at\/wordpress\/?page_id=35\">Gastroskopie<\/a>\u00a0| <a title=\"Coloskopie\" href=\"http:\/\/www.drkara.at\/wordpress\/?page_id=37\">Coloskopie<\/a>\u00a0|\u00a0<a title=\"Checkliste\" href=\"http:\/\/www.drkara.at\/wordpress\/?page_id=39\">Checkliste<\/a>\u00a0|\u00a0<a title=\"Aufkl\u00e4rungs- Anamnese- und Einwilligungsbogen\" href=\"https:\/\/www.drkara.at\/wordpress\/endoskopie-dr-kara\/einwilligungsbogen-gastroskopie\/\">Einwilligungsbogen Gastroskopie<\/a><\/p>\n<hr \/>\n<p>Hier finden Sie den Aufkl\u00e4rungs-, Anamnese- und Einwilligungsbogen.<br \/>\n\u00d6GD &#8211; Spiegelung des oberen Verdauungstraktes mit Polypektomie<\/p>\n<p>Bei Fragen treten Sie gerne mit uns in Kontakt.<\/p>\n<p><a href=\"https:\/\/www.drkara.at\/wordpress\/wp-content\/uploads\/2024\/06\/Aufklaerungs-Anamnese-und-Einwilligungsbogen-OeGD-Spiegelung-des-oberen-Verdauungstraktes-mit-Polypektomie_drkara.at_.pdf\" target=\"_blank\" rel=\"noopener\">Einwilligungsbogen Gastroskopie (pdf, 1MB)<\/a><\/p>\n","protected":false},"excerpt":{"rendered":"<p>Sedierung\u00a0| Vorsorge\u00a0| Gastroskopie\u00a0| Coloskopie\u00a0|\u00a0Checkliste\u00a0|\u00a0Einwilligungsbogen Gastroskopie Hier finden Sie den Aufkl\u00e4rungs-, Anamnese- und Einwilligungsbogen. \u00d6GD &#8211; Spiegelung des oberen Verdauungstraktes mit Polypektomie Bei Fragen treten Sie gerne mit uns in Kontakt. Einwilligungsbogen Gastroskopie (pdf, 1MB)<\/p>\n","protected":false},"author":2,"featured_media":0,"parent":13,"menu_order":0,"comment_status":"closed","ping_status":"closed","template":"","meta":{"footnotes":""},"class_list":["post-906","page","type-page","status-publish","hentry"],"yoast_head":"<!-- This site is optimized with the Yoast SEO plugin v23.0 - https:\/\/yoast.com\/wordpress\/plugins\/seo\/ -->\n<title>Einwilligungsbogen Gastroskopie - Dr. Marion Kara, Fach\u00e4rztin f\u00fcr Innere Medizin &amp; Gastroenterologie<\/title>\n<meta name=\"robots\" content=\"index, follow, max-snippet:-1, max-image-preview:large, max-video-preview:-1\" \/>\n<link rel=\"canonical\" href=\"https:\/\/www.drkara.at\/wordpress\/endoskopie-dr-kara\/einwilligungsbogen-gastroskopie\/\" \/>\n<meta property=\"og:locale\" content=\"de_DE\" \/>\n<meta property=\"og:type\" content=\"article\" \/>\n<meta property=\"og:title\" content=\"Einwilligungsbogen Gastroskopie - Dr. Marion Kara, Fach\u00e4rztin f\u00fcr Innere Medizin &amp; Gastroenterologie\" \/>\n<meta property=\"og:description\" content=\"Sedierung\u00a0| Vorsorge\u00a0| Gastroskopie\u00a0| Coloskopie\u00a0|\u00a0Checkliste\u00a0|\u00a0Einwilligungsbogen Gastroskopie Hier finden Sie den Aufkl\u00e4rungs-, Anamnese- und Einwilligungsbogen. \u00d6GD &#8211; Spiegelung des oberen Verdauungstraktes mit Polypektomie Bei Fragen treten Sie gerne mit uns in Kontakt. Einwilligungsbogen Gastroskopie (pdf, 1MB)\" \/>\n<meta property=\"og:url\" content=\"https:\/\/www.drkara.at\/wordpress\/endoskopie-dr-kara\/einwilligungsbogen-gastroskopie\/\" \/>\n<meta property=\"og:site_name\" content=\"Dr. Marion Kara, Fach\u00e4rztin f\u00fcr Innere Medizin &amp; Gastroenterologie\" \/>\n<meta property=\"article:modified_time\" content=\"2024-06-06T11:35:40+00:00\" \/>\n<meta name=\"twitter:label1\" content=\"Gesch\u00e4tzte Lesezeit\" \/>\n\t<meta name=\"twitter:data1\" content=\"1\u00a0Minute\" \/>\n<script type=\"application\/ld+json\" class=\"yoast-schema-graph\">{\"@context\":\"https:\/\/schema.org\",\"@graph\":[{\"@type\":\"WebPage\",\"@id\":\"https:\/\/www.drkara.at\/wordpress\/endoskopie-dr-kara\/einwilligungsbogen-gastroskopie\/\",\"url\":\"https:\/\/www.drkara.at\/wordpress\/endoskopie-dr-kara\/einwilligungsbogen-gastroskopie\/\",\"name\":\"Einwilligungsbogen Gastroskopie - Dr. Marion Kara, Fach\u00e4rztin f\u00fcr Innere Medizin &amp; Gastroenterologie\",\"isPartOf\":{\"@id\":\"https:\/\/www.drkara.at\/wordpress\/#website\"},\"datePublished\":\"2024-06-06T09:09:26+00:00\",\"dateModified\":\"2024-06-06T11:35:40+00:00\",\"breadcrumb\":{\"@id\":\"https:\/\/www.drkara.at\/wordpress\/endoskopie-dr-kara\/einwilligungsbogen-gastroskopie\/#breadcrumb\"},\"inLanguage\":\"de\",\"potentialAction\":[{\"@type\":\"ReadAction\",\"target\":[\"https:\/\/www.drkara.at\/wordpress\/endoskopie-dr-kara\/einwilligungsbogen-gastroskopie\/\"]}]},{\"@type\":\"BreadcrumbList\",\"@id\":\"https:\/\/www.drkara.at\/wordpress\/endoskopie-dr-kara\/einwilligungsbogen-gastroskopie\/#breadcrumb\",\"itemListElement\":[{\"@type\":\"ListItem\",\"position\":1,\"name\":\"Home\",\"item\":\"https:\/\/www.drkara.at\/wordpress\/\"},{\"@type\":\"ListItem\",\"position\":2,\"name\":\"Endoskopie\",\"item\":\"https:\/\/www.drkara.at\/wordpress\/endoskopie-dr-kara\/\"},{\"@type\":\"ListItem\",\"position\":3,\"name\":\"Einwilligungsbogen Gastroskopie\"}]},{\"@type\":\"WebSite\",\"@id\":\"https:\/\/www.drkara.at\/wordpress\/#website\",\"url\":\"https:\/\/www.drkara.at\/wordpress\/\",\"name\":\"Dr. Marion Kara, Fach\u00e4rztin f\u00fcr Innere Medizin &amp; Gastroenterologie\",\"description\":\"Willkommen in meiner Ordination, ich betreue Sie in Fragen zur Inneren Medizin und Gastroenterologie\",\"potentialAction\":[{\"@type\":\"SearchAction\",\"target\":{\"@type\":\"EntryPoint\",\"urlTemplate\":\"https:\/\/www.drkara.at\/wordpress\/?s={search_term_string}\"},\"query-input\":\"required name=search_term_string\"}],\"inLanguage\":\"de\"}]}<\/script>\n<!-- \/ Yoast SEO plugin. -->","yoast_head_json":{"title":"Einwilligungsbogen Gastroskopie - Dr. Marion Kara, Fach\u00e4rztin f\u00fcr Innere Medizin &amp; Gastroenterologie","robots":{"index":"index","follow":"follow","max-snippet":"max-snippet:-1","max-image-preview":"max-image-preview:large","max-video-preview":"max-video-preview:-1"},"canonical":"https:\/\/www.drkara.at\/wordpress\/endoskopie-dr-kara\/einwilligungsbogen-gastroskopie\/","og_locale":"de_DE","og_type":"article","og_title":"Einwilligungsbogen Gastroskopie - Dr. Marion Kara, Fach\u00e4rztin f\u00fcr Innere Medizin &amp; Gastroenterologie","og_description":"Sedierung\u00a0| Vorsorge\u00a0| Gastroskopie\u00a0| Coloskopie\u00a0|\u00a0Checkliste\u00a0|\u00a0Einwilligungsbogen Gastroskopie Hier finden Sie den Aufkl\u00e4rungs-, Anamnese- und Einwilligungsbogen. \u00d6GD &#8211; Spiegelung des oberen Verdauungstraktes mit Polypektomie Bei Fragen treten Sie gerne mit uns in Kontakt. Einwilligungsbogen Gastroskopie (pdf, 1MB)","og_url":"https:\/\/www.drkara.at\/wordpress\/endoskopie-dr-kara\/einwilligungsbogen-gastroskopie\/","og_site_name":"Dr. Marion Kara, Fach\u00e4rztin f\u00fcr Innere Medizin &amp; Gastroenterologie","article_modified_time":"2024-06-06T11:35:40+00:00","twitter_misc":{"Gesch\u00e4tzte Lesezeit":"1\u00a0Minute"},"schema":{"@context":"https:\/\/schema.org","@graph":[{"@type":"WebPage","@id":"https:\/\/www.drkara.at\/wordpress\/endoskopie-dr-kara\/einwilligungsbogen-gastroskopie\/","url":"https:\/\/www.drkara.at\/wordpress\/endoskopie-dr-kara\/einwilligungsbogen-gastroskopie\/","name":"Einwilligungsbogen Gastroskopie - Dr. Marion Kara, Fach\u00e4rztin f\u00fcr Innere Medizin &amp; Gastroenterologie","isPartOf":{"@id":"https:\/\/www.drkara.at\/wordpress\/#website"},"datePublished":"2024-06-06T09:09:26+00:00","dateModified":"2024-06-06T11:35:40+00:00","breadcrumb":{"@id":"https:\/\/www.drkara.at\/wordpress\/endoskopie-dr-kara\/einwilligungsbogen-gastroskopie\/#breadcrumb"},"inLanguage":"de","potentialAction":[{"@type":"ReadAction","target":["https:\/\/www.drkara.at\/wordpress\/endoskopie-dr-kara\/einwilligungsbogen-gastroskopie\/"]}]},{"@type":"BreadcrumbList","@id":"https:\/\/www.drkara.at\/wordpress\/endoskopie-dr-kara\/einwilligungsbogen-gastroskopie\/#breadcrumb","itemListElement":[{"@type":"ListItem","position":1,"name":"Home","item":"https:\/\/www.drkara.at\/wordpress\/"},{"@type":"ListItem","position":2,"name":"Endoskopie","item":"https:\/\/www.drkara.at\/wordpress\/endoskopie-dr-kara\/"},{"@type":"ListItem","position":3,"name":"Einwilligungsbogen Gastroskopie"}]},{"@type":"WebSite","@id":"https:\/\/www.drkara.at\/wordpress\/#website","url":"https:\/\/www.drkara.at\/wordpress\/","name":"Dr. Marion Kara, Fach\u00e4rztin f\u00fcr Innere Medizin &amp; Gastroenterologie","description":"Willkommen in meiner Ordination, ich betreue Sie in Fragen zur Inneren Medizin und Gastroenterologie","potentialAction":[{"@type":"SearchAction","target":{"@type":"EntryPoint","urlTemplate":"https:\/\/www.drkara.at\/wordpress\/?s={search_term_string}"},"query-input":"required name=search_term_string"}],"inLanguage":"de"}]}},"_links":{"self":[{"href":"https:\/\/www.drkara.at\/wordpress\/wp-json\/wp\/v2\/pages\/906"}],"collection":[{"href":"https:\/\/www.drkara.at\/wordpress\/wp-json\/wp\/v2\/pages"}],"about":[{"href":"https:\/\/www.drkara.at\/wordpress\/wp-json\/wp\/v2\/types\/page"}],"author":[{"embeddable":true,"href":"https:\/\/www.drkara.at\/wordpress\/wp-json\/wp\/v2\/users\/2"}],"replies":[{"embeddable":true,"href":"https:\/\/www.drkara.at\/wordpress\/wp-json\/wp\/v2\/comments?post=906"}],"version-history":[{"count":7,"href":"https:\/\/www.drkara.at\/wordpress\/wp-json\/wp\/v2\/pages\/906\/revisions"}],"predecessor-version":[{"id":925,"href":"https:\/\/www.drkara.at\/wordpress\/wp-json\/wp\/v2\/pages\/906\/revisions\/925"}],"up":[{"embeddable":true,"href":"https:\/\/www.drkara.at\/wordpress\/wp-json\/wp\/v2\/pages\/13"}],"wp:attachment":[{"href":"https:\/\/www.drkara.at\/wordpress\/wp-json\/wp\/v2\/media?parent=906"}],"curies":[{"name":"wp","href":"https:\/\/api.w.org\/{rel}","templated":true}]}}